{"id":187113,"date":"2024-07-01T16:11:18","date_gmt":"2024-07-01T16:11:18","guid":{"rendered":"http:\/\/trident.boursinos.gr\/?page_id=187113"},"modified":"2024-07-01T16:15:40","modified_gmt":"2024-07-01T16:15:40","slug":"meganisi","status":"publish","type":"page","link":"https:\/\/lefkadaribs.gr\/it\/destinazioni\/meganisi\/","title":{"rendered":"Meganisi"},"content":{"rendered":"<div data-elementor-type=\"wp-page\" data-elementor-id=\"187113\" class=\"elementor elementor-187113\" data-elementor-post-type=\"page\">\n\t\t\t\t\t\t<section class=\"elementor-section elementor-top-section elementor-element elementor-element-6e3b6ea elementor-section-height-min-height elementor-section-full_width elementor-section-stretched elementor-section-height-default elementor-section-items-middle\" data-id=\"6e3b6ea\" data-element_type=\"section\" data-e-type=\"section\" data-settings=\"{&quot;background_background&quot;:&quot;classic&quot;,&quot;hoteller_ext_is_background_parallax&quot;:&quot;true&quot;,&quot;stretch_section&quot;:&quot;section-stretched&quot;,&quot;hoteller_ext_is_background_parallax_speed&quot;:{&quot;unit&quot;:&quot;px&quot;,&quot;size&quot;:0.1,&quot;sizes&quot;:[]},&quot;hoteller_ext_is_background_on_scroll&quot;:&quot;false&quot;}\">\n\t\t\t\t\t\t\t<div class=\"elementor-background-overlay\"><\/div>\n\t\t\t\t\t\t\t<div class=\"elementor-container elementor-column-gap-no\">\n\t\t\t\t\t<div class=\"elementor-column elementor-col-100 elementor-top-column elementor-element elementor-element-6bc32b8\" data-id=\"6bc32b8\" data-element_type=\"column\" data-e-type=\"column\" data-settings=\"{&quot;hoteller_ext_link_sidemenu&quot;:&quot;false&quot;,&quot;hoteller_ext_link_fullmenu&quot;:&quot;false&quot;,&quot;hoteller_ext_link_closed_fullmenu&quot;:&quot;false&quot;,&quot;hoteller_ext_is_scrollme&quot;:&quot;false&quot;,&quot;hoteller_ext_is_smoove&quot;:&quot;false&quot;,&quot;hoteller_ext_is_parallax_mouse&quot;:&quot;false&quot;,&quot;hoteller_ext_is_infinite&quot;:&quot;false&quot;,&quot;hoteller_ext_is_fadeout_animation&quot;:&quot;false&quot;,&quot;hoteller_ext_mobile_static&quot;:&quot;false&quot;}\">\n\t\t\t<div class=\"elementor-widget-wrap elementor-element-populated\">\n\t\t\t\t\t\t<div class=\"elementor-element elementor-element-97f0892 elementor-widget elementor-widget-heading\" data-id=\"97f0892\" data-element_type=\"widget\" data-e-type=\"widget\" data-settings=\"{&quot;hoteller_ext_link_sidemenu&quot;:&quot;false&quot;,&quot;hoteller_ext_link_fullmenu&quot;:&quot;false&quot;,&quot;hoteller_ext_link_closed_fullmenu&quot;:&quot;false&quot;,&quot;hoteller_ext_is_scrollme&quot;:&quot;false&quot;,&quot;hoteller_ext_is_smoove&quot;:&quot;false&quot;,&quot;hoteller_ext_is_parallax_mouse&quot;:&quot;false&quot;,&quot;hoteller_ext_is_infinite&quot;:&quot;false&quot;,&quot;hoteller_ext_is_fadeout_animation&quot;:&quot;false&quot;,&quot;hoteller_ext_mobile_static&quot;:&quot;false&quot;}\" data-widget_type=\"heading.default\">\n\t\t\t\t<div class=\"elementor-widget-container\">\n\t\t\t\t\t<h1 class=\"elementor-heading-title elementor-size-default\">MEGANISI<\/h1>\t\t\t\t<\/div>\n\t\t\t\t<\/div>\n\t\t\t\t\t<\/div>\n\t\t<\/div>\n\t\t\t\t\t<\/div>\n\t\t<\/section>\n\t\t<div class=\"elementor-element elementor-element-feceab1 e-flex e-con-boxed e-con e-parent\" data-id=\"feceab1\" data-element_type=\"container\" data-e-type=\"container\" data-settings=\"{&quot;hoteller_ext_is_background_parallax&quot;:&quot;false&quot;,&quot;hoteller_ext_is_background_on_scroll&quot;:&quot;false&quot;,&quot;hoteller_ext_link_sidemenu&quot;:&quot;false&quot;,&quot;hoteller_ext_link_fullmenu&quot;:&quot;false&quot;,&quot;hoteller_ext_link_closed_fullmenu&quot;:&quot;false&quot;,&quot;hoteller_ext_is_scrollme&quot;:&quot;false&quot;,&quot;hoteller_ext_is_smoove&quot;:&quot;false&quot;,&quot;hoteller_ext_is_parallax_mouse&quot;:&quot;false&quot;,&quot;hoteller_ext_is_infinite&quot;:&quot;false&quot;,&quot;hoteller_ext_is_fadeout_animation&quot;:&quot;false&quot;,&quot;hoteller_ext_mobile_static&quot;:&quot;false&quot;}\">\n\t\t\t\t\t<div class=\"e-con-inner\">\n\t\t\t\t<div class=\"elementor-element elementor-element-e648611 elementor-widget elementor-widget-text-editor\" data-id=\"e648611\" data-element_type=\"widget\" data-e-type=\"widget\" data-settings=\"{&quot;hoteller_ext_link_sidemenu&quot;:&quot;false&quot;,&quot;hoteller_ext_link_fullmenu&quot;:&quot;false&quot;,&quot;hoteller_ext_link_closed_fullmenu&quot;:&quot;false&quot;,&quot;hoteller_ext_is_scrollme&quot;:&quot;false&quot;,&quot;hoteller_ext_is_smoove&quot;:&quot;false&quot;,&quot;hoteller_ext_is_parallax_mouse&quot;:&quot;false&quot;,&quot;hoteller_ext_is_infinite&quot;:&quot;false&quot;,&quot;hoteller_ext_is_fadeout_animation&quot;:&quot;false&quot;,&quot;hoteller_ext_mobile_static&quot;:&quot;false&quot;}\" data-widget_type=\"text-editor.default\">\n\t\t\t\t<div class=\"elementor-widget-container\">\n\t\t\t\t\t\t\t\t\t<div class=\"wpb_text_column wpb_content_element\"><div class=\"wpb_wrapper\">Meganisi (in greco: \u039c\u03b5\u03b3\u03b1\u03bd\u03ae\u03c3\u03b9, letteralmente \"grande isola\") \u00e8 un'isola greca e un comune immediatamente a est-sud-est dell'isola di Lefkada. Il comune comprende le isole al largo di Skorpios (2 persone) e Sparti. Il comune ha una superficie di 22,356 km2. La popolazione totale era di 1.041 abitanti al censimento del 2011.<\/div><\/div><div class=\"separator transparent\">\u00a0<\/div><div class=\"wpb_text_column wpb_content_element\"><div class=\"wpb_wrapper\">L'isola ha tre villaggi: il villaggio centrale di Katomeri (492 abitanti) e i porti di Vathy (145) e Spartochori (453 abitanti). C'\u00e8 anche un porto nella baia di Atheni, utilizzato principalmente da barche da pesca. Meganisi \u00e8 collegata a Lefkada da un servizio di traghetti per auto da Vathy e Spartochori. Meganisi ha una scuola, un liceo (scuola media), un bancomat, chiese e alcune piazze (plateies). L'isola non ha una scuola secondaria, quindi gli alunni frequentano la vicina scuola di Nydri, a Lefkada.<\/div><\/div><div class=\"separator transparent\">\u00a0<\/div><div class=\"wpb_text_column wpb_content_element\"><div class=\"wpb_wrapper\">Il clima dell'isola \u00e8 mediterraneo, con lunghi periodi di sole durante tutto l'anno, un inverno temperato ma piovoso e un'estate calda ma piacevole grazie alla brezza rinfrescante. Il 70% di Lefkada \u00e8 coperto da montagne. La cima pi\u00f9 alta di tutte \u00e8 Stavrota (1.182 m) con Elati (1.126 \u03bc.) che segue al secondo posto e San Lias (1.014 m) e Mega Oros (1.012 m) al terzo e quarto posto. Sul lato occidentale dell'isola, piuttosto ripido, si trovano molte lunghe spiagge sabbiose. Lefkada possiede stretti altopiani, valli fertili e canyon con ricche piantagioni, mentre la flora \u00e8 notevole e comprende ulivi, cipressi, una variet\u00e0 di pini, una particolare variet\u00e0 di quercia, erbe aromatiche e fiori rari.<\/div><\/div>\t\t\t\t\t\t\t\t<\/div>\n\t\t\t\t<\/div>\n\t\t\t\t\t<\/div>\n\t\t\t\t<\/div>\n\t\t<div class=\"elementor-element elementor-element-98ce2d8 e-flex e-con-boxed e-con e-parent\" data-id=\"98ce2d8\" data-element_type=\"container\" data-e-type=\"container\" data-settings=\"{&quot;hoteller_ext_is_background_parallax&quot;:&quot;false&quot;,&quot;hoteller_ext_is_background_on_scroll&quot;:&quot;false&quot;,&quot;hoteller_ext_link_sidemenu&quot;:&quot;false&quot;,&quot;hoteller_ext_link_fullmenu&quot;:&quot;false&quot;,&quot;hoteller_ext_link_closed_fullmenu&quot;:&quot;false&quot;,&quot;hoteller_ext_is_scrollme&quot;:&quot;false&quot;,&quot;hoteller_ext_is_smoove&quot;:&quot;false&quot;,&quot;hoteller_ext_is_parallax_mouse&quot;:&quot;false&quot;,&quot;hoteller_ext_is_infinite&quot;:&quot;false&quot;,&quot;hoteller_ext_is_fadeout_animation&quot;:&quot;false&quot;,&quot;hoteller_ext_mobile_static&quot;:&quot;false&quot;}\">\n\t\t\t\t\t<div class=\"e-con-inner\">\n\t\t\t\t<div class=\"elementor-element elementor-element-0f7b141 gallery-spacing-custom elementor-widget elementor-widget-image-gallery\" data-id=\"0f7b141\" data-element_type=\"widget\" data-e-type=\"widget\" data-settings=\"{&quot;hoteller_ext_link_sidemenu&quot;:&quot;false&quot;,&quot;hoteller_ext_link_fullmenu&quot;:&quot;false&quot;,&quot;hoteller_ext_link_closed_fullmenu&quot;:&quot;false&quot;,&quot;hoteller_ext_is_scrollme&quot;:&quot;false&quot;,&quot;hoteller_ext_is_smoove&quot;:&quot;false&quot;,&quot;hoteller_ext_is_parallax_mouse&quot;:&quot;false&quot;,&quot;hoteller_ext_is_infinite&quot;:&quot;false&quot;,&quot;hoteller_ext_is_fadeout_animation&quot;:&quot;false&quot;,&quot;hoteller_ext_mobile_static&quot;:&quot;false&quot;}\" data-widget_type=\"image-gallery.default\">\n\t\t\t\t<div class=\"elementor-widget-container\">\n\t\t\t\t\t\t\t<div class=\"elementor-image-gallery\">\n\t\t\t\n\t\t<style type=\"text\/css\">\n\t\t\t#gallery-1 {\n\t\t\t\tmargin: auto;\n\t\t\t}\n\t\t\t#gallery-1 .gallery-item {\n\t\t\t\tfloat: left;\n\t\t\t\tmargin-top: 10px;\n\t\t\t\ttext-align: center;\n\t\t\t\twidth: 25%;\n\t\t\t}\n\t\t\t#gallery-1 img {\n\t\t\t\tborder: 2px solid #cfcfcf;\n\t\t\t}\n\t\t\t#gallery-1 .gallery-caption {\n\t\t\t\tmargin-left: 0;\n\t\t\t}\n\t\t\t\/* see gallery_shortcode() in wp-includes\/media.php *\/\n\t\t<\/style>\n\t\t<div id='gallery-1' class='gallery galleryid-187113 gallery-columns-4 gallery-size-full'><dl class='gallery-item'>\n\t\t\t<dt class='gallery-icon landscape'>\n\t\t\t\t<a data-elementor-open-lightbox=\"yes\" data-elementor-lightbox-slideshow=\"0f7b141\" data-e-action-hash=\"#elementor-action%3Aaction%3Dlightbox%26settings%3DeyJpZCI6MTg3MTM5LCJ1cmwiOiJodHRwczpcL1wvbGVma2FkYXJpYnMuZ3JcL3dwLWNvbnRlbnRcL3VwbG9hZHNcLzIwMjRcLzA3XC9tZWdhbmlzaTEuanBnIiwic2xpZGVzaG93IjoiMGY3YjE0MSJ9\" href='https:\/\/lefkadaribs.gr\/wp-content\/uploads\/2024\/07\/meganisi1.jpg'><img fetchpriority=\"high\" decoding=\"async\" width=\"1020\" height=\"574\" src=\"https:\/\/lefkadaribs.gr\/wp-content\/uploads\/2024\/07\/meganisi1.jpg\" class=\"attachment-full size-full\" alt=\"\" srcset=\"https:\/\/lefkadaribs.gr\/wp-content\/uploads\/2024\/07\/meganisi1.jpg 1020w, https:\/\/lefkadaribs.gr\/wp-content\/uploads\/2024\/07\/meganisi1-600x338.jpg 600w, https:\/\/lefkadaribs.gr\/wp-content\/uploads\/2024\/07\/meganisi1-300x169.jpg 300w, https:\/\/lefkadaribs.gr\/wp-content\/uploads\/2024\/07\/meganisi1-768x432.jpg 768w, https:\/\/lefkadaribs.gr\/wp-content\/uploads\/2024\/07\/meganisi1-440x248.jpg 440w\" sizes=\"(max-width: 1020px) 100vw, 1020px\" \/><\/a>\n\t\t\t<\/dt><\/dl><dl class='gallery-item'>\n\t\t\t<dt class='gallery-icon landscape'>\n\t\t\t\t<a data-elementor-open-lightbox=\"yes\" data-elementor-lightbox-slideshow=\"0f7b141\" data-e-action-hash=\"#elementor-action%3Aaction%3Dlightbox%26settings%3DeyJpZCI6MTg3MTM4LCJ1cmwiOiJodHRwczpcL1wvbGVma2FkYXJpYnMuZ3JcL3dwLWNvbnRlbnRcL3VwbG9hZHNcLzIwMjRcLzA3XC9tZWdhbmlzaTIuanBnIiwic2xpZGVzaG93IjoiMGY3YjE0MSJ9\" href='https:\/\/lefkadaribs.gr\/wp-content\/uploads\/2024\/07\/meganisi2.jpg'><img decoding=\"async\" width=\"1020\" height=\"574\" src=\"https:\/\/lefkadaribs.gr\/wp-content\/uploads\/2024\/07\/meganisi2.jpg\" class=\"attachment-full size-full\" alt=\"\" srcset=\"https:\/\/lefkadaribs.gr\/wp-content\/uploads\/2024\/07\/meganisi2.jpg 1020w, https:\/\/lefkadaribs.gr\/wp-content\/uploads\/2024\/07\/meganisi2-600x338.jpg 600w, https:\/\/lefkadaribs.gr\/wp-content\/uploads\/2024\/07\/meganisi2-300x169.jpg 300w, https:\/\/lefkadaribs.gr\/wp-content\/uploads\/2024\/07\/meganisi2-768x432.jpg 768w, https:\/\/lefkadaribs.gr\/wp-content\/uploads\/2024\/07\/meganisi2-440x248.jpg 440w\" sizes=\"(max-width: 1020px) 100vw, 1020px\" \/><\/a>\n\t\t\t<\/dt><\/dl><dl class='gallery-item'>\n\t\t\t<dt class='gallery-icon landscape'>\n\t\t\t\t<a data-elementor-open-lightbox=\"yes\" data-elementor-lightbox-slideshow=\"0f7b141\" data-e-action-hash=\"#elementor-action%3Aaction%3Dlightbox%26settings%3DeyJpZCI6MTg3MTM3LCJ1cmwiOiJodHRwczpcL1wvbGVma2FkYXJpYnMuZ3JcL3dwLWNvbnRlbnRcL3VwbG9hZHNcLzIwMjRcLzA3XC9tZWdhbmlzaTMuanBnIiwic2xpZGVzaG93IjoiMGY3YjE0MSJ9\" href='https:\/\/lefkadaribs.gr\/wp-content\/uploads\/2024\/07\/meganisi3.jpg'><img decoding=\"async\" width=\"1020\" height=\"574\" src=\"https:\/\/lefkadaribs.gr\/wp-content\/uploads\/2024\/07\/meganisi3.jpg\" class=\"attachment-full size-full\" alt=\"\" srcset=\"https:\/\/lefkadaribs.gr\/wp-content\/uploads\/2024\/07\/meganisi3.jpg 1020w, https:\/\/lefkadaribs.gr\/wp-content\/uploads\/2024\/07\/meganisi3-600x338.jpg 600w, https:\/\/lefkadaribs.gr\/wp-content\/uploads\/2024\/07\/meganisi3-300x169.jpg 300w, https:\/\/lefkadaribs.gr\/wp-content\/uploads\/2024\/07\/meganisi3-768x432.jpg 768w, https:\/\/lefkadaribs.gr\/wp-content\/uploads\/2024\/07\/meganisi3-440x248.jpg 440w\" sizes=\"(max-width: 1020px) 100vw, 1020px\" \/><\/a>\n\t\t\t<\/dt><\/dl><dl class='gallery-item'>\n\t\t\t<dt class='gallery-icon landscape'>\n\t\t\t\t<a data-elementor-open-lightbox=\"yes\" data-elementor-lightbox-slideshow=\"0f7b141\" data-e-action-hash=\"#elementor-action%3Aaction%3Dlightbox%26settings%3DeyJpZCI6MTg3MTM2LCJ1cmwiOiJodHRwczpcL1wvbGVma2FkYXJpYnMuZ3JcL3dwLWNvbnRlbnRcL3VwbG9hZHNcLzIwMjRcLzA3XC9tZWdhbmlzaTQuanBnIiwic2xpZGVzaG93IjoiMGY3YjE0MSJ9\" href='https:\/\/lefkadaribs.gr\/wp-content\/uploads\/2024\/07\/meganisi4.jpg'><img loading=\"lazy\" decoding=\"async\" width=\"1020\" height=\"574\" src=\"https:\/\/lefkadaribs.gr\/wp-content\/uploads\/2024\/07\/meganisi4.jpg\" class=\"attachment-full size-full\" alt=\"\" srcset=\"https:\/\/lefkadaribs.gr\/wp-content\/uploads\/2024\/07\/meganisi4.jpg 1020w, https:\/\/lefkadaribs.gr\/wp-content\/uploads\/2024\/07\/meganisi4-600x338.jpg 600w, https:\/\/lefkadaribs.gr\/wp-content\/uploads\/2024\/07\/meganisi4-300x169.jpg 300w, https:\/\/lefkadaribs.gr\/wp-content\/uploads\/2024\/07\/meganisi4-768x432.jpg 768w, https:\/\/lefkadaribs.gr\/wp-content\/uploads\/2024\/07\/meganisi4-440x248.jpg 440w\" sizes=\"(max-width: 1020px) 100vw, 1020px\" \/><\/a>\n\t\t\t<\/dt><\/dl><br style=\"clear: both\" \/><dl class='gallery-item'>\n\t\t\t<dt class='gallery-icon landscape'>\n\t\t\t\t<a data-elementor-open-lightbox=\"yes\" data-elementor-lightbox-slideshow=\"0f7b141\" data-e-action-hash=\"#elementor-action%3Aaction%3Dlightbox%26settings%3DeyJpZCI6MTg3MTM1LCJ1cmwiOiJodHRwczpcL1wvbGVma2FkYXJpYnMuZ3JcL3dwLWNvbnRlbnRcL3VwbG9hZHNcLzIwMjRcLzA3XC9tZWdhbmlzaTUuanBnIiwic2xpZGVzaG93IjoiMGY3YjE0MSJ9\" href='https:\/\/lefkadaribs.gr\/wp-content\/uploads\/2024\/07\/meganisi5.jpg'><img loading=\"lazy\" decoding=\"async\" width=\"1020\" height=\"574\" src=\"https:\/\/lefkadaribs.gr\/wp-content\/uploads\/2024\/07\/meganisi5.jpg\" class=\"attachment-full size-full\" alt=\"\" srcset=\"https:\/\/lefkadaribs.gr\/wp-content\/uploads\/2024\/07\/meganisi5.jpg 1020w, https:\/\/lefkadaribs.gr\/wp-content\/uploads\/2024\/07\/meganisi5-600x338.jpg 600w, https:\/\/lefkadaribs.gr\/wp-content\/uploads\/2024\/07\/meganisi5-300x169.jpg 300w, https:\/\/lefkadaribs.gr\/wp-content\/uploads\/2024\/07\/meganisi5-768x432.jpg 768w, https:\/\/lefkadaribs.gr\/wp-content\/uploads\/2024\/07\/meganisi5-440x248.jpg 440w\" sizes=\"(max-width: 1020px) 100vw, 1020px\" \/><\/a>\n\t\t\t<\/dt><\/dl><dl class='gallery-item'>\n\t\t\t<dt class='gallery-icon landscape'>\n\t\t\t\t<a data-elementor-open-lightbox=\"yes\" data-elementor-lightbox-slideshow=\"0f7b141\" data-e-action-hash=\"#elementor-action%3Aaction%3Dlightbox%26settings%3DeyJpZCI6MTg3MTM0LCJ1cmwiOiJodHRwczpcL1wvbGVma2FkYXJpYnMuZ3JcL3dwLWNvbnRlbnRcL3VwbG9hZHNcLzIwMjRcLzA3XC9zcGlsaWEuanBnIiwic2xpZGVzaG93IjoiMGY3YjE0MSJ9\" href='https:\/\/lefkadaribs.gr\/wp-content\/uploads\/2024\/07\/spilia.jpg'><img loading=\"lazy\" decoding=\"async\" width=\"1020\" height=\"574\" src=\"https:\/\/lefkadaribs.gr\/wp-content\/uploads\/2024\/07\/spilia.jpg\" class=\"attachment-full size-full\" alt=\"\" srcset=\"https:\/\/lefkadaribs.gr\/wp-content\/uploads\/2024\/07\/spilia.jpg 1020w, https:\/\/lefkadaribs.gr\/wp-content\/uploads\/2024\/07\/spilia-600x338.jpg 600w, https:\/\/lefkadaribs.gr\/wp-content\/uploads\/2024\/07\/spilia-300x169.jpg 300w, https:\/\/lefkadaribs.gr\/wp-content\/uploads\/2024\/07\/spilia-768x432.jpg 768w, https:\/\/lefkadaribs.gr\/wp-content\/uploads\/2024\/07\/spilia-440x248.jpg 440w\" sizes=\"(max-width: 1020px) 100vw, 1020px\" \/><\/a>\n\t\t\t<\/dt><\/dl>\n\t\t\t<br style='clear: both' \/>\n\t\t<\/div>\n\t\t<\/div>\n\t\t\t\t\t\t<\/div>\n\t\t\t\t<\/div>\n\t\t\t\t\t<\/div>\n\t\t\t\t<\/div>\n\t\t\t\t<\/div>","protected":false},"excerpt":{"rendered":"<p>MEGANISI Meganisi (Greek: \u039c\u03b5\u03b3\u03b1\u03bd\u03ae\u03c3\u03b9, literally \u201cbig island\u201d) is a Greek island and municipality immediately to the east-southeast of the island of Lefkada. The municipality includes the offshore islands of Skorpios (pop. 2 persons) and Sparti. The municipality has an area [&hellip;]<\/p>\n","protected":false},"author":1,"featured_media":0,"parent":187095,"menu_order":0,"comment_status":"closed","ping_status":"closed","template":"","meta":{"footnotes":""},"class_list":["post-187113","page","type-page","status-publish","hentry"],"yoast_head":"<!-- This site is optimized with the Yoast SEO plugin v27.1.1 - https:\/\/yoast.com\/product\/yoast-seo-wordpress\/ -->\n<title>Meganisi - Lefkada Rib Boats - Rent a rib boat in Lefkada<\/title>\n<meta name=\"robots\" content=\"index, follow, max-snippet:-1, max-image-preview:large, max-video-preview:-1\" \/>\n<link rel=\"canonical\" href=\"https:\/\/lefkadaribs.gr\/it\/destinazioni\/meganisi\/\" \/>\n<meta property=\"og:locale\" content=\"it_IT\" \/>\n<meta property=\"og:type\" content=\"article\" \/>\n<meta property=\"og:title\" content=\"Meganisi - Lefkada Rib Boats - Rent a rib boat in Lefkada\" \/>\n<meta property=\"og:description\" content=\"MEGANISI Meganisi (Greek: \u039c\u03b5\u03b3\u03b1\u03bd\u03ae\u03c3\u03b9, literally \u201cbig island\u201d) is a Greek island and municipality immediately to the east-southeast of the island of Lefkada. The municipality includes the offshore islands of Skorpios (pop. 2 persons) and Sparti. The municipality has an area [&hellip;]\" \/>\n<meta property=\"og:url\" content=\"https:\/\/lefkadaribs.gr\/it\/destinazioni\/meganisi\/\" \/>\n<meta property=\"og:site_name\" content=\"Lefkada Rib Boats - Rent a rib boat in Lefkada\" \/>\n<meta property=\"article:modified_time\" content=\"2024-07-01T16:15:40+00:00\" \/>\n<meta property=\"og:image\" content=\"https:\/\/lefkadaribs.gr\/wp-content\/uploads\/2024\/07\/meganisi1.jpg\" \/>\n<meta name=\"twitter:card\" content=\"summary_large_image\" \/>\n<meta name=\"twitter:label1\" content=\"Tempo di lettura stimato\" \/>\n\t<meta name=\"twitter:data1\" content=\"1 minuto\" \/>\n<script type=\"application\/ld+json\" class=\"yoast-schema-graph\">{\"@context\":\"https:\/\/schema.org\",\"@graph\":[{\"@type\":\"WebPage\",\"@id\":\"https:\/\/lefkadaribs.gr\/destinations\/meganisi\/\",\"url\":\"https:\/\/lefkadaribs.gr\/destinations\/meganisi\/\",\"name\":\"Meganisi - Lefkada Rib Boats - Rent a rib boat in Lefkada\",\"isPartOf\":{\"@id\":\"https:\/\/lefkadaribs.gr\/#website\"},\"primaryImageOfPage\":{\"@id\":\"https:\/\/lefkadaribs.gr\/destinations\/meganisi\/#primaryimage\"},\"image\":{\"@id\":\"https:\/\/lefkadaribs.gr\/destinations\/meganisi\/#primaryimage\"},\"thumbnailUrl\":\"https:\/\/lefkadaribs.gr\/wp-content\/uploads\/2024\/07\/meganisi1.jpg\",\"datePublished\":\"2024-07-01T16:11:18+00:00\",\"dateModified\":\"2024-07-01T16:15:40+00:00\",\"breadcrumb\":{\"@id\":\"https:\/\/lefkadaribs.gr\/destinations\/meganisi\/#breadcrumb\"},\"inLanguage\":\"it-IT\",\"potentialAction\":[{\"@type\":\"ReadAction\",\"target\":[\"https:\/\/lefkadaribs.gr\/destinations\/meganisi\/\"]}]},{\"@type\":\"ImageObject\",\"inLanguage\":\"it-IT\",\"@id\":\"https:\/\/lefkadaribs.gr\/destinations\/meganisi\/#primaryimage\",\"url\":\"https:\/\/lefkadaribs.gr\/wp-content\/uploads\/2024\/07\/meganisi1.jpg\",\"contentUrl\":\"https:\/\/lefkadaribs.gr\/wp-content\/uploads\/2024\/07\/meganisi1.jpg\"},{\"@type\":\"BreadcrumbList\",\"@id\":\"https:\/\/lefkadaribs.gr\/destinations\/meganisi\/#breadcrumb\",\"itemListElement\":[{\"@type\":\"ListItem\",\"position\":1,\"name\":\"Home\",\"item\":\"https:\/\/lefkadaribs.gr\/\"},{\"@type\":\"ListItem\",\"position\":2,\"name\":\"Destinations\",\"item\":\"https:\/\/lefkadaribs.gr\/destinations\/\"},{\"@type\":\"ListItem\",\"position\":3,\"name\":\"Meganisi\"}]},{\"@type\":\"WebSite\",\"@id\":\"https:\/\/lefkadaribs.gr\/#website\",\"url\":\"https:\/\/lefkadaribs.gr\/\",\"name\":\"Lefkada Rib Boats - Rent a rib boat in Lefkada\",\"description\":\"Lefkada Rib Boats - Rent a rib boat in Lefkada\",\"potentialAction\":[{\"@type\":\"SearchAction\",\"target\":{\"@type\":\"EntryPoint\",\"urlTemplate\":\"https:\/\/lefkadaribs.gr\/?s={search_term_string}\"},\"query-input\":{\"@type\":\"PropertyValueSpecification\",\"valueRequired\":true,\"valueName\":\"search_term_string\"}}],\"inLanguage\":\"it-IT\"}]}<\/script>\n<!-- \/ Yoast SEO plugin. -->","yoast_head_json":{"title":"Meganisi - Lefkada Rib Boats - Rent a rib boat in Lefkada","robots":{"index":"index","follow":"follow","max-snippet":"max-snippet:-1","max-image-preview":"max-image-preview:large","max-video-preview":"max-video-preview:-1"},"canonical":"https:\/\/lefkadaribs.gr\/it\/destinazioni\/meganisi\/","og_locale":"it_IT","og_type":"article","og_title":"Meganisi - Lefkada Rib Boats - Rent a rib boat in Lefkada","og_description":"MEGANISI Meganisi (Greek: \u039c\u03b5\u03b3\u03b1\u03bd\u03ae\u03c3\u03b9, literally \u201cbig island\u201d) is a Greek island and municipality immediately to the east-southeast of the island of Lefkada. The municipality includes the offshore islands of Skorpios (pop. 2 persons) and Sparti. The municipality has an area [&hellip;]","og_url":"https:\/\/lefkadaribs.gr\/it\/destinazioni\/meganisi\/","og_site_name":"Lefkada Rib Boats - Rent a rib boat in Lefkada","article_modified_time":"2024-07-01T16:15:40+00:00","og_image":[{"url":"https:\/\/lefkadaribs.gr\/wp-content\/uploads\/2024\/07\/meganisi1.jpg","type":"","width":"","height":""}],"twitter_card":"summary_large_image","twitter_misc":{"Tempo di lettura stimato":"1 minuto"},"schema":{"@context":"https:\/\/schema.org","@graph":[{"@type":"WebPage","@id":"https:\/\/lefkadaribs.gr\/destinations\/meganisi\/","url":"https:\/\/lefkadaribs.gr\/destinations\/meganisi\/","name":"Meganisi - Lefkada Rib Boats - Rent a rib boat in Lefkada","isPartOf":{"@id":"https:\/\/lefkadaribs.gr\/#website"},"primaryImageOfPage":{"@id":"https:\/\/lefkadaribs.gr\/destinations\/meganisi\/#primaryimage"},"image":{"@id":"https:\/\/lefkadaribs.gr\/destinations\/meganisi\/#primaryimage"},"thumbnailUrl":"https:\/\/lefkadaribs.gr\/wp-content\/uploads\/2024\/07\/meganisi1.jpg","datePublished":"2024-07-01T16:11:18+00:00","dateModified":"2024-07-01T16:15:40+00:00","breadcrumb":{"@id":"https:\/\/lefkadaribs.gr\/destinations\/meganisi\/#breadcrumb"},"inLanguage":"it-IT","potentialAction":[{"@type":"ReadAction","target":["https:\/\/lefkadaribs.gr\/destinations\/meganisi\/"]}]},{"@type":"ImageObject","inLanguage":"it-IT","@id":"https:\/\/lefkadaribs.gr\/destinations\/meganisi\/#primaryimage","url":"https:\/\/lefkadaribs.gr\/wp-content\/uploads\/2024\/07\/meganisi1.jpg","contentUrl":"https:\/\/lefkadaribs.gr\/wp-content\/uploads\/2024\/07\/meganisi1.jpg"},{"@type":"BreadcrumbList","@id":"https:\/\/lefkadaribs.gr\/destinations\/meganisi\/#breadcrumb","itemListElement":[{"@type":"ListItem","position":1,"name":"Home","item":"https:\/\/lefkadaribs.gr\/"},{"@type":"ListItem","position":2,"name":"Destinations","item":"https:\/\/lefkadaribs.gr\/destinations\/"},{"@type":"ListItem","position":3,"name":"Meganisi"}]},{"@type":"WebSite","@id":"https:\/\/lefkadaribs.gr\/#website","url":"https:\/\/lefkadaribs.gr\/","name":"Lefkada Rib Boats - Rent a rib boat in Lefkada","description":"Lefkada Rib Boats - Rent a rib boat in Lefkada","potentialAction":[{"@type":"SearchAction","target":{"@type":"EntryPoint","urlTemplate":"https:\/\/lefkadaribs.gr\/?s={search_term_string}"},"query-input":{"@type":"PropertyValueSpecification","valueRequired":true,"valueName":"search_term_string"}}],"inLanguage":"it-IT"}]}},"_links":{"self":[{"href":"https:\/\/lefkadaribs.gr\/it\/wp-json\/wp\/v2\/pages\/187113","targetHints":{"allow":["GET"]}}],"collection":[{"href":"https:\/\/lefkadaribs.gr\/it\/wp-json\/wp\/v2\/pages"}],"about":[{"href":"https:\/\/lefkadaribs.gr\/it\/wp-json\/wp\/v2\/types\/page"}],"author":[{"embeddable":true,"href":"https:\/\/lefkadaribs.gr\/it\/wp-json\/wp\/v2\/users\/1"}],"replies":[{"embeddable":true,"href":"https:\/\/lefkadaribs.gr\/it\/wp-json\/wp\/v2\/comments?post=187113"}],"version-history":[{"count":7,"href":"https:\/\/lefkadaribs.gr\/it\/wp-json\/wp\/v2\/pages\/187113\/revisions"}],"predecessor-version":[{"id":187146,"href":"https:\/\/lefkadaribs.gr\/it\/wp-json\/wp\/v2\/pages\/187113\/revisions\/187146"}],"up":[{"embeddable":true,"href":"https:\/\/lefkadaribs.gr\/it\/wp-json\/wp\/v2\/pages\/187095"}],"wp:attachment":[{"href":"https:\/\/lefkadaribs.gr\/it\/wp-json\/wp\/v2\/media?parent=187113"}],"curies":[{"name":"wp","href":"https:\/\/api.w.org\/{rel}","templated":true}]}}