{"id":187114,"date":"2024-07-01T16:17:48","date_gmt":"2024-07-01T16:17:48","guid":{"rendered":"http:\/\/trident.boursinos.gr\/?page_id=187114"},"modified":"2024-07-01T16:19:37","modified_gmt":"2024-07-01T16:19:37","slug":"kalamos-2","status":"publish","type":"page","link":"https:\/\/lefkadaribs.gr\/it\/destinazioni\/kalamos-2\/","title":{"rendered":"Kalamos"},"content":{"rendered":"<div data-elementor-type=\"wp-page\" data-elementor-id=\"187114\" class=\"elementor elementor-187114\" data-elementor-post-type=\"page\">\n\t\t\t\t\t\t<section class=\"elementor-section elementor-top-section elementor-element elementor-element-6e3b6ea elementor-section-height-min-height elementor-section-full_width elementor-section-stretched elementor-section-height-default elementor-section-items-middle\" data-id=\"6e3b6ea\" data-element_type=\"section\" data-e-type=\"section\" data-settings=\"{&quot;background_background&quot;:&quot;classic&quot;,&quot;hoteller_ext_is_background_parallax&quot;:&quot;true&quot;,&quot;stretch_section&quot;:&quot;section-stretched&quot;,&quot;hoteller_ext_is_background_parallax_speed&quot;:{&quot;unit&quot;:&quot;px&quot;,&quot;size&quot;:0.1,&quot;sizes&quot;:[]},&quot;hoteller_ext_is_background_on_scroll&quot;:&quot;false&quot;}\">\n\t\t\t\t\t\t\t<div class=\"elementor-background-overlay\"><\/div>\n\t\t\t\t\t\t\t<div class=\"elementor-container elementor-column-gap-no\">\n\t\t\t\t\t<div class=\"elementor-column elementor-col-100 elementor-top-column elementor-element elementor-element-6bc32b8\" data-id=\"6bc32b8\" data-element_type=\"column\" data-e-type=\"column\" data-settings=\"{&quot;hoteller_ext_link_sidemenu&quot;:&quot;false&quot;,&quot;hoteller_ext_link_fullmenu&quot;:&quot;false&quot;,&quot;hoteller_ext_link_closed_fullmenu&quot;:&quot;false&quot;,&quot;hoteller_ext_is_scrollme&quot;:&quot;false&quot;,&quot;hoteller_ext_is_smoove&quot;:&quot;false&quot;,&quot;hoteller_ext_is_parallax_mouse&quot;:&quot;false&quot;,&quot;hoteller_ext_is_infinite&quot;:&quot;false&quot;,&quot;hoteller_ext_is_fadeout_animation&quot;:&quot;false&quot;,&quot;hoteller_ext_mobile_static&quot;:&quot;false&quot;}\">\n\t\t\t<div class=\"elementor-widget-wrap elementor-element-populated\">\n\t\t\t\t\t\t<div class=\"elementor-element elementor-element-97f0892 elementor-widget elementor-widget-heading\" data-id=\"97f0892\" data-element_type=\"widget\" data-e-type=\"widget\" data-settings=\"{&quot;hoteller_ext_link_sidemenu&quot;:&quot;false&quot;,&quot;hoteller_ext_link_fullmenu&quot;:&quot;false&quot;,&quot;hoteller_ext_link_closed_fullmenu&quot;:&quot;false&quot;,&quot;hoteller_ext_is_scrollme&quot;:&quot;false&quot;,&quot;hoteller_ext_is_smoove&quot;:&quot;false&quot;,&quot;hoteller_ext_is_parallax_mouse&quot;:&quot;false&quot;,&quot;hoteller_ext_is_infinite&quot;:&quot;false&quot;,&quot;hoteller_ext_is_fadeout_animation&quot;:&quot;false&quot;,&quot;hoteller_ext_mobile_static&quot;:&quot;false&quot;}\" data-widget_type=\"heading.default\">\n\t\t\t\t<div class=\"elementor-widget-container\">\n\t\t\t\t\t<h1 class=\"elementor-heading-title elementor-size-default\">Kalamos<\/h1>\t\t\t\t<\/div>\n\t\t\t\t<\/div>\n\t\t\t\t\t<\/div>\n\t\t<\/div>\n\t\t\t\t\t<\/div>\n\t\t<\/section>\n\t\t<div class=\"elementor-element elementor-element-feceab1 e-flex e-con-boxed e-con e-parent\" data-id=\"feceab1\" data-element_type=\"container\" data-e-type=\"container\" data-settings=\"{&quot;hoteller_ext_is_background_parallax&quot;:&quot;false&quot;,&quot;hoteller_ext_is_background_on_scroll&quot;:&quot;false&quot;,&quot;hoteller_ext_link_sidemenu&quot;:&quot;false&quot;,&quot;hoteller_ext_link_fullmenu&quot;:&quot;false&quot;,&quot;hoteller_ext_link_closed_fullmenu&quot;:&quot;false&quot;,&quot;hoteller_ext_is_scrollme&quot;:&quot;false&quot;,&quot;hoteller_ext_is_smoove&quot;:&quot;false&quot;,&quot;hoteller_ext_is_parallax_mouse&quot;:&quot;false&quot;,&quot;hoteller_ext_is_infinite&quot;:&quot;false&quot;,&quot;hoteller_ext_is_fadeout_animation&quot;:&quot;false&quot;,&quot;hoteller_ext_mobile_static&quot;:&quot;false&quot;}\">\n\t\t\t\t\t<div class=\"e-con-inner\">\n\t\t\t\t<div class=\"elementor-element elementor-element-e648611 elementor-widget elementor-widget-text-editor\" data-id=\"e648611\" data-element_type=\"widget\" data-e-type=\"widget\" data-settings=\"{&quot;hoteller_ext_link_sidemenu&quot;:&quot;false&quot;,&quot;hoteller_ext_link_fullmenu&quot;:&quot;false&quot;,&quot;hoteller_ext_link_closed_fullmenu&quot;:&quot;false&quot;,&quot;hoteller_ext_is_scrollme&quot;:&quot;false&quot;,&quot;hoteller_ext_is_smoove&quot;:&quot;false&quot;,&quot;hoteller_ext_is_parallax_mouse&quot;:&quot;false&quot;,&quot;hoteller_ext_is_infinite&quot;:&quot;false&quot;,&quot;hoteller_ext_is_fadeout_animation&quot;:&quot;false&quot;,&quot;hoteller_ext_mobile_static&quot;:&quot;false&quot;}\" data-widget_type=\"text-editor.default\">\n\t\t\t\t<div class=\"elementor-widget-container\">\n\t\t\t\t\t\t\t\t\t<div class=\"wpb_text_column wpb_content_element\"><div class=\"wpb_wrapper\">K\u00e1lamos (in greco \u039a\u03ac\u03bb\u03b1\u03bc\u03bf\u03c2, conosciuta nell'antichit\u00e0 come \u039a\u03b1\u03c1\u03bd\u03bf\u03c2 - Karnos) \u00e8 un'isola montuosa e un'ex comunit\u00e0 delle Isole Ionie, in Grecia. Dalla riforma del governo locale del 2011 fa parte del comune di Lefkada, di cui \u00e8 un'unit\u00e0 comunale. Si trova a est di Lefkada, vicino alla terraferma greca. Ha una popolazione svernante di circa 500 persone, che in estate viene notevolmente aumentata dai turisti. Il nome Kalamos significa canna in greco. Al censimento del 2011 la popolazione era di 496 persone. La superficie \u00e8 di 24,964 km2 (9,639 km2) e il punto pi\u00f9 alto \u00e8 a 754 m sul livello del mare.<\/div><\/div><div class=\"separator transparent\">\u00a0<\/div><div class=\"wpb_text_column wpb_content_element\"><div class=\"wpb_wrapper\">Il principale insediamento dell'isola \u00e8 la citt\u00e0 portuale di K\u00e1lamos (454 abitanti), sulla costa orientale dell'isola. Da qui un servizio regolare di traghetti collega l'isola a Mytikas, sulla terraferma. Episkopi (42 abitanti) \u00e8 l'unico altro villaggio abitato dell'isola. Il villaggio di Kefali, noto anche con il nome veneziano di Porto Leone, \u00e8 stato abbandonato in seguito al terremoto dello Ionio del 1953, che ha distrutto la rete idrica, ma la sua chiesa \u00e8 ancora in uso.<\/div><\/div><div class=\"separator transparent\">\u00a0<\/div><div class=\"wpb_text_column wpb_content_element\"><div class=\"wpb_wrapper\">All'inizio degli anni '90, il sistema idrico \u00e8 stato ricostruito e ora ogni famiglia dispone di acqua corrente. Negli ultimi anni, inoltre, tutti i sentieri che un tempo erano sterrati sono stati trasformati in pietra o pavimentazione. Kalamos, un tempo un'isola remota senza elettricit\u00e0 o un sistema idrico adeguato, ora ha tutte le comodit\u00e0 della terraferma. Il liceo (scuola media) e il ginnasio (scuola secondaria) pi\u00f9 vicini si trovano ad Etolia-Acarnania, sulla terraferma, ma la maggior parte degli studenti frequenta la scuola a Nydri, a Lefkada.<\/div><\/div>\t\t\t\t\t\t\t\t<\/div>\n\t\t\t\t<\/div>\n\t\t\t\t\t<\/div>\n\t\t\t\t<\/div>\n\t\t\t\t<\/div>","protected":false},"excerpt":{"rendered":"<p>Kalamos K\u00e1lamos (Greek: \u039a\u03ac\u03bb\u03b1\u03bc\u03bf\u03c2, known in antiquity as \u039a\u03b1\u03c1\u03bd\u03bf\u03c2 \u2013 Karnos), is a mountainous island and a former community in the Ionian Islands, Greece. Since the 2011 local government reform it is part of the municipality Lefkada, of which it [&hellip;]<\/p>\n","protected":false},"author":1,"featured_media":0,"parent":187095,"menu_order":0,"comment_status":"closed","ping_status":"closed","template":"","meta":{"footnotes":""},"class_list":["post-187114","page","type-page","status-publish","hentry"],"yoast_head":"<!-- This site is optimized with the Yoast SEO plugin v27.1.1 - https:\/\/yoast.com\/product\/yoast-seo-wordpress\/ -->\n<title>Kalamos - Lefkada Rib Boats - Rent a rib boat in Lefkada<\/title>\n<meta name=\"robots\" content=\"index, follow, max-snippet:-1, max-image-preview:large, max-video-preview:-1\" \/>\n<link rel=\"canonical\" href=\"https:\/\/lefkadaribs.gr\/it\/destinazioni\/kalamos-2\/\" \/>\n<meta property=\"og:locale\" content=\"it_IT\" \/>\n<meta property=\"og:type\" content=\"article\" \/>\n<meta property=\"og:title\" content=\"Kalamos - Lefkada Rib Boats - Rent a rib boat in Lefkada\" \/>\n<meta property=\"og:description\" content=\"Kalamos K\u00e1lamos (Greek: \u039a\u03ac\u03bb\u03b1\u03bc\u03bf\u03c2, known in antiquity as \u039a\u03b1\u03c1\u03bd\u03bf\u03c2 \u2013 Karnos), is a mountainous island and a former community in the Ionian Islands, Greece. Since the 2011 local government reform it is part of the municipality Lefkada, of which it [&hellip;]\" \/>\n<meta property=\"og:url\" content=\"https:\/\/lefkadaribs.gr\/it\/destinazioni\/kalamos-2\/\" \/>\n<meta property=\"og:site_name\" content=\"Lefkada Rib Boats - Rent a rib boat in Lefkada\" \/>\n<meta property=\"article:modified_time\" content=\"2024-07-01T16:19:37+00:00\" \/>\n<meta name=\"twitter:card\" content=\"summary_large_image\" \/>\n<meta name=\"twitter:label1\" content=\"Tempo di lettura stimato\" \/>\n\t<meta name=\"twitter:data1\" content=\"1 minuto\" \/>\n<script type=\"application\/ld+json\" class=\"yoast-schema-graph\">{\"@context\":\"https:\/\/schema.org\",\"@graph\":[{\"@type\":\"WebPage\",\"@id\":\"https:\/\/lefkadaribs.gr\/destinations\/kalamos-2\/\",\"url\":\"https:\/\/lefkadaribs.gr\/destinations\/kalamos-2\/\",\"name\":\"Kalamos - Lefkada Rib Boats - Rent a rib boat in Lefkada\",\"isPartOf\":{\"@id\":\"https:\/\/lefkadaribs.gr\/#website\"},\"datePublished\":\"2024-07-01T16:17:48+00:00\",\"dateModified\":\"2024-07-01T16:19:37+00:00\",\"breadcrumb\":{\"@id\":\"https:\/\/lefkadaribs.gr\/destinations\/kalamos-2\/#breadcrumb\"},\"inLanguage\":\"it-IT\",\"potentialAction\":[{\"@type\":\"ReadAction\",\"target\":[\"https:\/\/lefkadaribs.gr\/destinations\/kalamos-2\/\"]}]},{\"@type\":\"BreadcrumbList\",\"@id\":\"https:\/\/lefkadaribs.gr\/destinations\/kalamos-2\/#breadcrumb\",\"itemListElement\":[{\"@type\":\"ListItem\",\"position\":1,\"name\":\"Home\",\"item\":\"https:\/\/lefkadaribs.gr\/\"},{\"@type\":\"ListItem\",\"position\":2,\"name\":\"Destinations\",\"item\":\"https:\/\/lefkadaribs.gr\/destinations\/\"},{\"@type\":\"ListItem\",\"position\":3,\"name\":\"Kalamos\"}]},{\"@type\":\"WebSite\",\"@id\":\"https:\/\/lefkadaribs.gr\/#website\",\"url\":\"https:\/\/lefkadaribs.gr\/\",\"name\":\"Lefkada Rib Boats - Rent a rib boat in Lefkada\",\"description\":\"Lefkada Rib Boats - Rent a rib boat in Lefkada\",\"potentialAction\":[{\"@type\":\"SearchAction\",\"target\":{\"@type\":\"EntryPoint\",\"urlTemplate\":\"https:\/\/lefkadaribs.gr\/?s={search_term_string}\"},\"query-input\":{\"@type\":\"PropertyValueSpecification\",\"valueRequired\":true,\"valueName\":\"search_term_string\"}}],\"inLanguage\":\"it-IT\"}]}<\/script>\n<!-- \/ Yoast SEO plugin. -->","yoast_head_json":{"title":"Kalamos - Lefkada Rib Boats - Rent a rib boat in Lefkada","robots":{"index":"index","follow":"follow","max-snippet":"max-snippet:-1","max-image-preview":"max-image-preview:large","max-video-preview":"max-video-preview:-1"},"canonical":"https:\/\/lefkadaribs.gr\/it\/destinazioni\/kalamos-2\/","og_locale":"it_IT","og_type":"article","og_title":"Kalamos - Lefkada Rib Boats - Rent a rib boat in Lefkada","og_description":"Kalamos K\u00e1lamos (Greek: \u039a\u03ac\u03bb\u03b1\u03bc\u03bf\u03c2, known in antiquity as \u039a\u03b1\u03c1\u03bd\u03bf\u03c2 \u2013 Karnos), is a mountainous island and a former community in the Ionian Islands, Greece. Since the 2011 local government reform it is part of the municipality Lefkada, of which it [&hellip;]","og_url":"https:\/\/lefkadaribs.gr\/it\/destinazioni\/kalamos-2\/","og_site_name":"Lefkada Rib Boats - Rent a rib boat in Lefkada","article_modified_time":"2024-07-01T16:19:37+00:00","twitter_card":"summary_large_image","twitter_misc":{"Tempo di lettura stimato":"1 minuto"},"schema":{"@context":"https:\/\/schema.org","@graph":[{"@type":"WebPage","@id":"https:\/\/lefkadaribs.gr\/destinations\/kalamos-2\/","url":"https:\/\/lefkadaribs.gr\/destinations\/kalamos-2\/","name":"Kalamos - Lefkada Rib Boats - Rent a rib boat in Lefkada","isPartOf":{"@id":"https:\/\/lefkadaribs.gr\/#website"},"datePublished":"2024-07-01T16:17:48+00:00","dateModified":"2024-07-01T16:19:37+00:00","breadcrumb":{"@id":"https:\/\/lefkadaribs.gr\/destinations\/kalamos-2\/#breadcrumb"},"inLanguage":"it-IT","potentialAction":[{"@type":"ReadAction","target":["https:\/\/lefkadaribs.gr\/destinations\/kalamos-2\/"]}]},{"@type":"BreadcrumbList","@id":"https:\/\/lefkadaribs.gr\/destinations\/kalamos-2\/#breadcrumb","itemListElement":[{"@type":"ListItem","position":1,"name":"Home","item":"https:\/\/lefkadaribs.gr\/"},{"@type":"ListItem","position":2,"name":"Destinations","item":"https:\/\/lefkadaribs.gr\/destinations\/"},{"@type":"ListItem","position":3,"name":"Kalamos"}]},{"@type":"WebSite","@id":"https:\/\/lefkadaribs.gr\/#website","url":"https:\/\/lefkadaribs.gr\/","name":"Lefkada Rib Boats - Rent a rib boat in Lefkada","description":"Lefkada Rib Boats - Rent a rib boat in Lefkada","potentialAction":[{"@type":"SearchAction","target":{"@type":"EntryPoint","urlTemplate":"https:\/\/lefkadaribs.gr\/?s={search_term_string}"},"query-input":{"@type":"PropertyValueSpecification","valueRequired":true,"valueName":"search_term_string"}}],"inLanguage":"it-IT"}]}},"_links":{"self":[{"href":"https:\/\/lefkadaribs.gr\/it\/wp-json\/wp\/v2\/pages\/187114","targetHints":{"allow":["GET"]}}],"collection":[{"href":"https:\/\/lefkadaribs.gr\/it\/wp-json\/wp\/v2\/pages"}],"about":[{"href":"https:\/\/lefkadaribs.gr\/it\/wp-json\/wp\/v2\/types\/page"}],"author":[{"embeddable":true,"href":"https:\/\/lefkadaribs.gr\/it\/wp-json\/wp\/v2\/users\/1"}],"replies":[{"embeddable":true,"href":"https:\/\/lefkadaribs.gr\/it\/wp-json\/wp\/v2\/comments?post=187114"}],"version-history":[{"count":4,"href":"https:\/\/lefkadaribs.gr\/it\/wp-json\/wp\/v2\/pages\/187114\/revisions"}],"predecessor-version":[{"id":187150,"href":"https:\/\/lefkadaribs.gr\/it\/wp-json\/wp\/v2\/pages\/187114\/revisions\/187150"}],"up":[{"embeddable":true,"href":"https:\/\/lefkadaribs.gr\/it\/wp-json\/wp\/v2\/pages\/187095"}],"wp:attachment":[{"href":"https:\/\/lefkadaribs.gr\/it\/wp-json\/wp\/v2\/media?parent=187114"}],"curies":[{"name":"wp","href":"https:\/\/api.w.org\/{rel}","templated":true}]}}