{"id":174836,"date":"2022-03-31T09:22:15","date_gmt":"2022-03-31T09:22:15","guid":{"rendered":"http:\/\/trident.boursinos.gr\/?post_type=product&#038;p=174836"},"modified":"2026-02-27T09:41:56","modified_gmt":"2026-02-27T09:41:56","slug":"crociera-al-tramonto","status":"publish","type":"product","link":"https:\/\/lefkadaribs.gr\/it\/prodotto\/crociera-al-tramonto\/","title":{"rendered":"Crociera al tramonto"},"content":{"rendered":"<p>Fate una crociera verso la costa occidentale di Cape Dukato, altrimenti nota come la localit\u00e0 di Sapho. Sbarchiamo dal nostro ufficio di Nidri a un'ora specifica, l'orario di partenza dipender\u00e0 dall'ora in cui il sole tramonter\u00e0. \u00c8 meglio organizzarsi al momento della prenotazione della crociera per non perdere questo sito maestoso. Il nostro skipper vi condurr\u00e0 nel punto specifico vicino a Cape Dukato e durante il tragitto potrete scegliere tra un rinfresco o un buon vino per godervi il viaggio. Una volta arrivati sul posto, avrete il tempo di rilassarvi e di godervi un romantico tramonto con il vostro drink in mano; naturalmente vi invitiamo a scattare foto e a caricarle su tutti i social media. Avrete la possibilit\u00e0 di visitare Porto Katsiki, a soli 5\u2032 di distanza, prima di tornare al nostro ufficio. Vi consigliamo di chiedere al nostro staff le previsioni del tempo prima di partire per avere un giro tranquillo e piacevole.<\/p>\n<p dir=\"ltr\"><span style=\"font-size: 100%;\">Consigliato per fughe romantiche e proposte di matrimonio<\/span><\/p>\n<div dir=\"ltr\">\n<p dir=\"ltr\"><span style=\"font-size: 100%;\">MAX 9PAX<\/span><\/p>\n<p dir=\"ltr\"><span style=\"font-size: 100%;\">13PAX opzionale\u00a0<\/span><\/p>\n<p dir=\"ltr\"><span style=\"font-size: 100%;\">Durata 2-3 ore<\/span><\/p>\n<\/div>","protected":false},"excerpt":{"rendered":"<p>Take our cruise to the west coast of Cape Dukato otherwise known as the location of Sapho. We disembark from our office in Nidri at a specific\u00a0time, the time of departure will depend on the time that the sun will [&hellip;]<\/p>\n","protected":false},"featured_media":174837,"template":"","meta":[],"product_cat":[42],"product_tag":[],"class_list":{"0":"post-174836","1":"product","2":"type-product","3":"status-publish","4":"has-post-thumbnail","6":"product_cat-tours","8":"first","9":"instock","10":"shipping-taxable","11":"product-type-external"},"exclude_global_add_ons":[],"addons":[],"yoast_head":"<!-- This site is optimized with the Yoast SEO plugin v27.1.1 - https:\/\/yoast.com\/product\/yoast-seo-wordpress\/ -->\n<title>Sunset Cruise - Lefkada Rib Boats - Rent a rib boat in Lefkada<\/title>\n<meta name=\"robots\" content=\"index, follow, max-snippet:-1, max-image-preview:large, max-video-preview:-1\" \/>\n<link rel=\"canonical\" href=\"https:\/\/lefkadaribs.gr\/it\/prodotto\/crociera-al-tramonto\/\" \/>\n<meta property=\"og:locale\" content=\"it_IT\" \/>\n<meta property=\"og:type\" content=\"article\" \/>\n<meta property=\"og:title\" content=\"Sunset Cruise - Lefkada Rib Boats - Rent a rib boat in Lefkada\" \/>\n<meta property=\"og:description\" content=\"Take our cruise to the west coast of Cape Dukato otherwise known as the location of Sapho. We disembark from our office in Nidri at a specific\u00a0time, the time of departure will depend on the time that the sun will [&hellip;]\" \/>\n<meta property=\"og:url\" content=\"https:\/\/lefkadaribs.gr\/it\/prodotto\/crociera-al-tramonto\/\" \/>\n<meta property=\"og:site_name\" content=\"Lefkada Rib Boats - Rent a rib boat in Lefkada\" \/>\n<meta property=\"article:modified_time\" content=\"2026-02-27T09:41:56+00:00\" \/>\n<meta property=\"og:image\" content=\"https:\/\/lefkadaribs.gr\/wp-content\/uploads\/2024\/06\/Cape_Ducato__26150.jpg\" \/>\n\t<meta property=\"og:image:width\" content=\"1186\" \/>\n\t<meta property=\"og:image:height\" content=\"534\" \/>\n\t<meta property=\"og:image:type\" content=\"image\/jpeg\" \/>\n<meta name=\"twitter:card\" content=\"summary_large_image\" \/>\n<meta name=\"twitter:label1\" content=\"Tempo di lettura stimato\" \/>\n\t<meta name=\"twitter:data1\" content=\"1 minuto\" \/>\n<script type=\"application\/ld+json\" class=\"yoast-schema-graph\">{\"@context\":\"https:\/\/schema.org\",\"@graph\":[{\"@type\":\"WebPage\",\"@id\":\"https:\/\/lefkadaribs.gr\/product\/sunset-cruise\/\",\"url\":\"https:\/\/lefkadaribs.gr\/product\/sunset-cruise\/\",\"name\":\"Sunset Cruise - Lefkada Rib Boats - Rent a rib boat in Lefkada\",\"isPartOf\":{\"@id\":\"https:\/\/lefkadaribs.gr\/#website\"},\"primaryImageOfPage\":{\"@id\":\"https:\/\/lefkadaribs.gr\/product\/sunset-cruise\/#primaryimage\"},\"image\":{\"@id\":\"https:\/\/lefkadaribs.gr\/product\/sunset-cruise\/#primaryimage\"},\"thumbnailUrl\":\"https:\/\/lefkadaribs.gr\/wp-content\/uploads\/2024\/06\/Cape_Ducato__26150.jpg\",\"datePublished\":\"2022-03-31T09:22:15+00:00\",\"dateModified\":\"2026-02-27T09:41:56+00:00\",\"breadcrumb\":{\"@id\":\"https:\/\/lefkadaribs.gr\/product\/sunset-cruise\/#breadcrumb\"},\"inLanguage\":\"it-IT\",\"potentialAction\":[{\"@type\":\"ReadAction\",\"target\":[\"https:\/\/lefkadaribs.gr\/product\/sunset-cruise\/\"]}]},{\"@type\":\"ImageObject\",\"inLanguage\":\"it-IT\",\"@id\":\"https:\/\/lefkadaribs.gr\/product\/sunset-cruise\/#primaryimage\",\"url\":\"https:\/\/lefkadaribs.gr\/wp-content\/uploads\/2024\/06\/Cape_Ducato__26150.jpg\",\"contentUrl\":\"https:\/\/lefkadaribs.gr\/wp-content\/uploads\/2024\/06\/Cape_Ducato__26150.jpg\",\"width\":1186,\"height\":534},{\"@type\":\"BreadcrumbList\",\"@id\":\"https:\/\/lefkadaribs.gr\/product\/sunset-cruise\/#breadcrumb\",\"itemListElement\":[{\"@type\":\"ListItem\",\"position\":1,\"name\":\"Home\",\"item\":\"https:\/\/lefkadaribs.gr\/\"},{\"@type\":\"ListItem\",\"position\":2,\"name\":\"Shop\",\"item\":\"https:\/\/lefkadaribs.gr\/shop\/\"},{\"@type\":\"ListItem\",\"position\":3,\"name\":\"Sunset Cruise\"}]},{\"@type\":\"WebSite\",\"@id\":\"https:\/\/lefkadaribs.gr\/#website\",\"url\":\"https:\/\/lefkadaribs.gr\/\",\"name\":\"Lefkada Rib Boats - Rent a rib boat in Lefkada\",\"description\":\"Lefkada Rib Boats - Rent a rib boat in Lefkada\",\"potentialAction\":[{\"@type\":\"SearchAction\",\"target\":{\"@type\":\"EntryPoint\",\"urlTemplate\":\"https:\/\/lefkadaribs.gr\/?s={search_term_string}\"},\"query-input\":{\"@type\":\"PropertyValueSpecification\",\"valueRequired\":true,\"valueName\":\"search_term_string\"}}],\"inLanguage\":\"it-IT\"}]}<\/script>\n<!-- \/ Yoast SEO plugin. -->","yoast_head_json":{"title":"Sunset Cruise - Lefkada Rib Boats - Rent a rib boat in Lefkada","robots":{"index":"index","follow":"follow","max-snippet":"max-snippet:-1","max-image-preview":"max-image-preview:large","max-video-preview":"max-video-preview:-1"},"canonical":"https:\/\/lefkadaribs.gr\/it\/prodotto\/crociera-al-tramonto\/","og_locale":"it_IT","og_type":"article","og_title":"Sunset Cruise - Lefkada Rib Boats - Rent a rib boat in Lefkada","og_description":"Take our cruise to the west coast of Cape Dukato otherwise known as the location of Sapho. We disembark from our office in Nidri at a specific\u00a0time, the time of departure will depend on the time that the sun will [&hellip;]","og_url":"https:\/\/lefkadaribs.gr\/it\/prodotto\/crociera-al-tramonto\/","og_site_name":"Lefkada Rib Boats - Rent a rib boat in Lefkada","article_modified_time":"2026-02-27T09:41:56+00:00","og_image":[{"width":1186,"height":534,"url":"https:\/\/lefkadaribs.gr\/wp-content\/uploads\/2024\/06\/Cape_Ducato__26150.jpg","type":"image\/jpeg"}],"twitter_card":"summary_large_image","twitter_misc":{"Tempo di lettura stimato":"1 minuto"},"schema":{"@context":"https:\/\/schema.org","@graph":[{"@type":"WebPage","@id":"https:\/\/lefkadaribs.gr\/product\/sunset-cruise\/","url":"https:\/\/lefkadaribs.gr\/product\/sunset-cruise\/","name":"Sunset Cruise - Lefkada Rib Boats - Rent a rib boat in Lefkada","isPartOf":{"@id":"https:\/\/lefkadaribs.gr\/#website"},"primaryImageOfPage":{"@id":"https:\/\/lefkadaribs.gr\/product\/sunset-cruise\/#primaryimage"},"image":{"@id":"https:\/\/lefkadaribs.gr\/product\/sunset-cruise\/#primaryimage"},"thumbnailUrl":"https:\/\/lefkadaribs.gr\/wp-content\/uploads\/2024\/06\/Cape_Ducato__26150.jpg","datePublished":"2022-03-31T09:22:15+00:00","dateModified":"2026-02-27T09:41:56+00:00","breadcrumb":{"@id":"https:\/\/lefkadaribs.gr\/product\/sunset-cruise\/#breadcrumb"},"inLanguage":"it-IT","potentialAction":[{"@type":"ReadAction","target":["https:\/\/lefkadaribs.gr\/product\/sunset-cruise\/"]}]},{"@type":"ImageObject","inLanguage":"it-IT","@id":"https:\/\/lefkadaribs.gr\/product\/sunset-cruise\/#primaryimage","url":"https:\/\/lefkadaribs.gr\/wp-content\/uploads\/2024\/06\/Cape_Ducato__26150.jpg","contentUrl":"https:\/\/lefkadaribs.gr\/wp-content\/uploads\/2024\/06\/Cape_Ducato__26150.jpg","width":1186,"height":534},{"@type":"BreadcrumbList","@id":"https:\/\/lefkadaribs.gr\/product\/sunset-cruise\/#breadcrumb","itemListElement":[{"@type":"ListItem","position":1,"name":"Home","item":"https:\/\/lefkadaribs.gr\/"},{"@type":"ListItem","position":2,"name":"Shop","item":"https:\/\/lefkadaribs.gr\/shop\/"},{"@type":"ListItem","position":3,"name":"Sunset Cruise"}]},{"@type":"WebSite","@id":"https:\/\/lefkadaribs.gr\/#website","url":"https:\/\/lefkadaribs.gr\/","name":"Lefkada Rib Boats - Rent a rib boat in Lefkada","description":"Lefkada Rib Boats - Rent a rib boat in Lefkada","potentialAction":[{"@type":"SearchAction","target":{"@type":"EntryPoint","urlTemplate":"https:\/\/lefkadaribs.gr\/?s={search_term_string}"},"query-input":{"@type":"PropertyValueSpecification","valueRequired":true,"valueName":"search_term_string"}}],"inLanguage":"it-IT"}]}},"_links":{"self":[{"href":"https:\/\/lefkadaribs.gr\/it\/wp-json\/wp\/v2\/product\/174836","targetHints":{"allow":["GET"]}}],"collection":[{"href":"https:\/\/lefkadaribs.gr\/it\/wp-json\/wp\/v2\/product"}],"about":[{"href":"https:\/\/lefkadaribs.gr\/it\/wp-json\/wp\/v2\/types\/product"}],"wp:featuredmedia":[{"embeddable":true,"href":"https:\/\/lefkadaribs.gr\/it\/wp-json\/wp\/v2\/media\/174837"}],"wp:attachment":[{"href":"https:\/\/lefkadaribs.gr\/it\/wp-json\/wp\/v2\/media?parent=174836"}],"wp:term":[{"taxonomy":"product_cat","embeddable":true,"href":"https:\/\/lefkadaribs.gr\/it\/wp-json\/wp\/v2\/product_cat?post=174836"},{"taxonomy":"product_tag","embeddable":true,"href":"https:\/\/lefkadaribs.gr\/it\/wp-json\/wp\/v2\/product_tag?post=174836"}],"curies":[{"name":"wp","href":"https:\/\/api.w.org\/{rel}","templated":true}]}}