{"id":187067,"date":"2024-06-30T14:58:45","date_gmt":"2024-06-30T14:58:45","guid":{"rendered":"http:\/\/trident.boursinos.gr\/?page_id=187067"},"modified":"2024-06-30T15:00:21","modified_gmt":"2024-06-30T15:00:21","slug":"politica-de-confidentialitate","status":"publish","type":"page","link":"https:\/\/lefkadaribs.gr\/ro\/politica-de-confidentialitate\/","title":{"rendered":"Politica de confiden\u021bialitate"},"content":{"rendered":"<div data-elementor-type=\"wp-page\" data-elementor-id=\"187067\" class=\"elementor elementor-187067\" data-elementor-post-type=\"page\">\n\t\t\t\t\t\t<section class=\"elementor-section elementor-top-section elementor-element elementor-element-6e3b6ea elementor-section-height-min-height elementor-section-full_width elementor-section-stretched elementor-section-height-default elementor-section-items-middle\" data-id=\"6e3b6ea\" data-element_type=\"section\" data-e-type=\"section\" data-settings=\"{&quot;background_background&quot;:&quot;classic&quot;,&quot;hoteller_ext_is_background_parallax&quot;:&quot;true&quot;,&quot;stretch_section&quot;:&quot;section-stretched&quot;,&quot;hoteller_ext_is_background_parallax_speed&quot;:{&quot;unit&quot;:&quot;px&quot;,&quot;size&quot;:0.1,&quot;sizes&quot;:[]},&quot;hoteller_ext_is_background_on_scroll&quot;:&quot;false&quot;}\">\n\t\t\t\t\t\t\t<div class=\"elementor-background-overlay\"><\/div>\n\t\t\t\t\t\t\t<div class=\"elementor-container elementor-column-gap-no\">\n\t\t\t\t\t<div class=\"elementor-column elementor-col-100 elementor-top-column elementor-element elementor-element-6bc32b8\" data-id=\"6bc32b8\" data-element_type=\"column\" data-e-type=\"column\" data-settings=\"{&quot;hoteller_ext_link_sidemenu&quot;:&quot;false&quot;,&quot;hoteller_ext_link_fullmenu&quot;:&quot;false&quot;,&quot;hoteller_ext_link_closed_fullmenu&quot;:&quot;false&quot;,&quot;hoteller_ext_is_scrollme&quot;:&quot;false&quot;,&quot;hoteller_ext_is_smoove&quot;:&quot;false&quot;,&quot;hoteller_ext_is_parallax_mouse&quot;:&quot;false&quot;,&quot;hoteller_ext_is_infinite&quot;:&quot;false&quot;,&quot;hoteller_ext_is_fadeout_animation&quot;:&quot;false&quot;,&quot;hoteller_ext_mobile_static&quot;:&quot;false&quot;}\">\n\t\t\t<div class=\"elementor-widget-wrap elementor-element-populated\">\n\t\t\t\t\t\t<div class=\"elementor-element elementor-element-97f0892 elementor-widget elementor-widget-heading\" data-id=\"97f0892\" data-element_type=\"widget\" data-e-type=\"widget\" data-settings=\"{&quot;hoteller_ext_link_sidemenu&quot;:&quot;false&quot;,&quot;hoteller_ext_link_fullmenu&quot;:&quot;false&quot;,&quot;hoteller_ext_link_closed_fullmenu&quot;:&quot;false&quot;,&quot;hoteller_ext_is_scrollme&quot;:&quot;false&quot;,&quot;hoteller_ext_is_smoove&quot;:&quot;false&quot;,&quot;hoteller_ext_is_parallax_mouse&quot;:&quot;false&quot;,&quot;hoteller_ext_is_infinite&quot;:&quot;false&quot;,&quot;hoteller_ext_is_fadeout_animation&quot;:&quot;false&quot;,&quot;hoteller_ext_mobile_static&quot;:&quot;false&quot;}\" data-widget_type=\"heading.default\">\n\t\t\t\t<div class=\"elementor-widget-container\">\n\t\t\t\t\t<h1 class=\"elementor-heading-title elementor-size-default\">Politica de confiden\u021bialitate<\/h1>\t\t\t\t<\/div>\n\t\t\t\t<\/div>\n\t\t\t\t\t<\/div>\n\t\t<\/div>\n\t\t\t\t\t<\/div>\n\t\t<\/section>\n\t\t<div class=\"elementor-element elementor-element-72a04c1 e-flex e-con-boxed e-con e-parent\" data-id=\"72a04c1\" data-element_type=\"container\" data-e-type=\"container\" data-settings=\"{&quot;hoteller_ext_is_background_parallax&quot;:&quot;false&quot;,&quot;hoteller_ext_is_background_on_scroll&quot;:&quot;false&quot;,&quot;hoteller_ext_link_sidemenu&quot;:&quot;false&quot;,&quot;hoteller_ext_link_fullmenu&quot;:&quot;false&quot;,&quot;hoteller_ext_link_closed_fullmenu&quot;:&quot;false&quot;,&quot;hoteller_ext_is_scrollme&quot;:&quot;false&quot;,&quot;hoteller_ext_is_smoove&quot;:&quot;false&quot;,&quot;hoteller_ext_is_parallax_mouse&quot;:&quot;false&quot;,&quot;hoteller_ext_is_infinite&quot;:&quot;false&quot;,&quot;hoteller_ext_is_fadeout_animation&quot;:&quot;false&quot;,&quot;hoteller_ext_mobile_static&quot;:&quot;false&quot;}\">\n\t\t\t\t\t<div class=\"e-con-inner\">\n\t\t\t\t<div class=\"elementor-element elementor-element-aff18d1 elementor-widget elementor-widget-text-editor\" data-id=\"aff18d1\" data-element_type=\"widget\" data-e-type=\"widget\" data-settings=\"{&quot;hoteller_ext_link_sidemenu&quot;:&quot;false&quot;,&quot;hoteller_ext_link_fullmenu&quot;:&quot;false&quot;,&quot;hoteller_ext_link_closed_fullmenu&quot;:&quot;false&quot;,&quot;hoteller_ext_is_scrollme&quot;:&quot;false&quot;,&quot;hoteller_ext_is_smoove&quot;:&quot;false&quot;,&quot;hoteller_ext_is_parallax_mouse&quot;:&quot;false&quot;,&quot;hoteller_ext_is_infinite&quot;:&quot;false&quot;,&quot;hoteller_ext_is_fadeout_animation&quot;:&quot;false&quot;,&quot;hoteller_ext_mobile_static&quot;:&quot;false&quot;}\" data-widget_type=\"text-editor.default\">\n\t\t\t\t<div class=\"elementor-widget-container\">\n\t\t\t\t\t\t\t\t\t<div class=\"reset-3c756112--pageHeader-15724735\"><div class=\"reset-3c756112--pageHeaderInner-7c0f0284\"><div class=\"reset-3c756112--pageHeaderWrapperContent-6897c946\"><div class=\"reset-3c756112--horizontalFlex-5a0077e0\"><div class=\"reset-3c756112--pageHeaderIntro-0c1463da\"><p class=\"reset-3c756112--pageTitle-33dc39a3\"><strong>Ce informa\u021bii personale folosim \u0219i cum le stoc\u0103m \u0219i le prelucr\u0103m.<\/strong><\/p><\/div><\/div><\/div><\/div><\/div><div class=\"reset-3c756112--toaster-c029690e\">Rezumat<\/div><div class=\"reset-3c756112--pageBody-a91db4ac\"><div class=\"reset-3c756112--container-960c7c26\" data-editioncontainer=\"true\"><div spellcheck=\"true\" data-slate-editor=\"true\" data-key=\"1c820fce4baa4f729f99f15a16f17fd0\" data-gramm=\"false\"><p class=\"blockParagraph-544a408c\" data-key=\"c178aeb2970a427c9e7ce9db3f54ce1a\"><span class=\"text-4505230f--TextH400-3033861f--textContentFamily-49a318e1\"><span data-key=\"5aae1ff2ec1b4caaa7049957e3c63159\">Trident boats nu divulg\u0103 informa\u021biile vizitatorilor c\u0103tre ter\u021be p\u0103r\u021bi.<\/span><\/span><\/p><p class=\"blockParagraph-544a408c\" data-key=\"5d6dbaf0f56548d1bef94d7d62080d6e\"><span class=\"text-4505230f--TextH400-3033861f--textContentFamily-49a318e1\"><span data-key=\"1feb4b130d2742b7a7b6f6a2f58ca376\">Orice informa\u021bie pe care ne-o furniza\u021bi, fie c\u0103 este vorba de informa\u021bii de afaceri sau personale (cum ar fi numele sau adresa dvs.), nu poate fi v\u0103zut\u0103 de ter\u021be p\u0103r\u021bi. Acest site poate con\u021bine uneori linkuri c\u0103tre alte site-uri ter\u021be; Trident boats nu este responsabil pentru practicile de confiden\u021bialitate sau con\u021binutul acestor site-uri.<\/span><\/span><\/p><p class=\"blockParagraph-544a408c\" data-key=\"1597f0ce8f0b41f3aae0246f3db57598\"><span class=\"text-4505230f--TextH400-3033861f--textContentFamily-49a318e1\"><span data-key=\"23008d96e420447ea9c8c7ccfaf1c8b3\">Aceast\u0103 declara\u021bie de confiden\u021bialitate nu este prezentat\u0103 ca un contract obligatoriu din punct de vedere juridic.<\/span><\/span><\/p><div class=\"blockHeadingContent-756c9114\"><span class=\"text-4505230f--HeadingH600-23f228db--textContentFamily-49a318e1\"><span data-key=\"77cd665deb304ee9a91f190777bdb86e\">Informa\u021bii pe care le colect\u0103m \u0219i utiliz\u0103m<\/span><\/span><\/div><p class=\"blockParagraph-544a408c\" data-key=\"5cfbcdf396c145cdbeb8563508384c69\"><span class=\"text-4505230f--TextH400-3033861f--textContentFamily-49a318e1\"><span data-key=\"a466437605134205b617aa58eabb5c68\">Exist\u0103 sec\u021biuni ale site-ului nostru \u00een care v\u0103 putem solicita s\u0103 v\u0103 \u00eenregistra\u021bi pentru a avea acces la documente de mare valoare, pentru a putea desc\u0103rca diverse articole sau pentru a lua leg\u0103tura cu Trident boats. Orice informa\u021bii pe care le furniza\u021bi vor r\u0103m\u00e2ne proprietatea securizat\u0103 a Trident boats. \u00cen niciun caz acestea nu vor fi v\u00e2ndute sau \u00eenchiriate unei ter\u021be p\u0103r\u021bi. Cu toate acestea, Trident boats poate utiliza informa\u021biile dvs. de contact pentru a v\u0103 trimite orice informa\u021bii pe care le-a\u021bi solicitat \u00een mod specific sau orice alte informa\u021bii sau \u0219tiri despre compania \u0219i serviciile noastre. Datele dvs. pot fi utilizate \u00eentr-o form\u0103 agregat\u0103 pentru analiza de marketing a traficului pe site-ul nostru.<\/span><\/span><\/p><p class=\"blockParagraph-544a408c\" data-key=\"26fa0d8d6f824f69b19619b61a67c6ea\"><span class=\"text-4505230f--TextH400-3033861f--textContentFamily-49a318e1\"><span data-key=\"429f7c338f894deea2e61a06c539a6fb\">\u00cen plus fa\u021b\u0103 de orice informa\u021bii personale pe care le pute\u021bi furniza, Trident boats poate, ocazional, s\u0103 utilizeze software sau alte instrumente care permit colectarea de informa\u021bii tehnice relevante, de exemplu adresa IP (Internet protocol) (IP), sistemul de operare implementat pe computerul dvs., browserul utilizat pentru acces, diverse modele de trafic, precum \u0219i adresa oric\u0103ror site-uri de referin\u021b\u0103. Trident boats urm\u0103re\u0219te \u00eentotdeauna modul \u00een care un vizitator ajunge pe site-ul Trident boats, \u00eens\u0103 nu vom \u00eencerca s\u0103 colect\u0103m informa\u021bii de pe site-urile web pe care le-a\u021bi vizitat \u00eenainte de a vizita site-ul Trident boats.<\/span><\/span><\/p><div class=\"blockHeadingContent-756c9114\"><span class=\"text-4505230f--HeadingH600-23f228db--textContentFamily-49a318e1\"><span data-key=\"c2eb26e34f644d2dbca2c7165c44d825\">Utilizarea informa\u021biilor cu caracter personal<\/span><\/span><\/div><p class=\"blockParagraph-544a408c\" data-key=\"ce0f371beb9243afb18c6a425c7e02df\"><span class=\"text-4505230f--TextH400-3033861f--textContentFamily-49a318e1\"><span data-key=\"78808927074748b68affee235a697eb9\">Trident boats poate utiliza informa\u021biile dvs. personale \u00een urm\u0103toarele scopuri:<\/span><\/span><\/p><p class=\"blockParagraph-544a408c\" data-key=\"aee090b88928453bb27af3063e83bc05\"><span class=\"text-4505230f--TextH400-3033861f--textContentFamily-49a318e1\"><span data-key=\"558e75b5ad1847ec8e4659169e2053ec\">Pentru a v\u0103 permite s\u0103 utiliza\u021bi site-ul f\u0103r\u0103 a introduce \u00een mod repetat parole sau autentific\u0103ri. Pentru a furniza informa\u021bii sau servicii pe care le-a\u021bi solicitat. Pentru a ne ajuta s\u0103 ne gestion\u0103m con\u021binutul pentru a ne asigura c\u0103 acesta este relevant \u0219i adecvat pentru dvs. Pentru a v\u0103 alerta cu privire la nout\u0103\u021bile companiei, actualiz\u0103rile de produse, alte informa\u021bii actualizate \u0219i noi produse \u0219i servicii de la Trident boats.<\/span><\/span><\/p><div class=\"blockHeadingContent-756c9114\"><span class=\"text-4505230f--HeadingH600-23f228db--textContentFamily-49a318e1\"><span data-key=\"db910095dc5544f38ade3a6ea09a60a5\">Hiperleg\u0103turi c\u0103tre alte site-uri web<\/span><\/span><\/div><p class=\"blockParagraph-544a408c\" data-key=\"6fcf254eff4b4bda87526c69ad70b747\"><span class=\"text-4505230f--TextH400-3033861f--textContentFamily-49a318e1\"><span data-key=\"f0a73675d48f4d0eb1298d7ff85197ca\">Ambarca\u021biunile Trident pot furniza link-uri pe site-ul nostru care direc\u021bioneaz\u0103 c\u0103tre site-uri externe ale unor ter\u021be p\u0103r\u021bi.<\/span><\/span><\/p><p class=\"blockParagraph-544a408c\" data-key=\"e860cb8498e849779e62917bbeb9605f\"><span class=\"text-4505230f--TextH400-3033861f--textContentFamily-49a318e1\"><span data-key=\"529cc0eb1ef54a79b81e86d564430bb5\">Nu avem niciun control asupra con\u021binutului altor site-uri, nici asupra utiliz\u0103rii informa\u021biilor pe care le colecteaz\u0103.<\/span><\/span><\/p><p class=\"blockParagraph-544a408c\" data-key=\"21205b7f27b946cb80e5e5fd81feac68\"><span class=\"text-4505230f--TextH400-3033861f--textContentFamily-49a318e1\"><span data-key=\"57575a88d5404aafb63bbe2484cdb786\">V\u0103 recomand\u0103m s\u0103 consulta\u021bi \u00eentotdeauna politicile de confiden\u021bialitate ale oric\u0103ror site-uri ter\u021be pe care le vizita\u021bi; este posibil ca acestea s\u0103 nu urmeze acelea\u0219i politici ca noi.<\/span><\/span><\/p><div class=\"blockHeadingContent-756c9114\"><span class=\"text-4505230f--HeadingH600-23f228db--textContentFamily-49a318e1\"><span data-key=\"205c5f717382405faa84a6549183eea5\">Renun\u021barea<\/span><\/span><\/div><p class=\"blockParagraph-544a408c\" data-key=\"139437a1c9634e6a86b3cba0ff4ace90\"><span class=\"text-4505230f--TextH400-3033861f--textContentFamily-49a318e1\"><span data-key=\"2f74a5daeb7048da9a86cfd3aec9d102\">Site-ul nostru ofer\u0103 utilizatorilor posibilitatea de a renun\u021ba la primirea de comunic\u0103ri din partea noastr\u0103 \u0219i a partenerilor no\u0219tri \u00een momentul \u00een care solicit\u0103m informa\u021bii despre vizitator.<\/span><\/span><\/p><p class=\"blockParagraph-544a408c\" data-key=\"c414dfcb17324b18adb5782ca1188e09\"><span class=\"text-4505230f--TextH400-3033861f--textContentFamily-49a318e1\"><span data-key=\"c27844a3412f47e297575260aa535802\">Acest site ofer\u0103 utilizatorilor urm\u0103toarele op\u021biuni pentru a nu mai primi comunic\u0103ri viitoare prin oricare dintre urm\u0103toarele mijloace:<\/span><\/span><\/p><p class=\"blockParagraph-544a408c\" data-key=\"ba4d9ad19f164eceba37fc87052762e1\"><span class=\"text-4505230f--TextH400-3033861f--textContentFamily-49a318e1\"><span data-key=\"b9a51c673d3a426f9ac6353de272f175\">Trimite\u021bi un e-mail c\u0103tre echipa noastr\u0103 de servicii pentru clien\u021bi, indic\u00e2nd cererea dumneavoastr\u0103 de a v\u0103 dezabona de la o anumit\u0103 list\u0103.<\/span><\/span><\/p><p class=\"blockParagraph-544a408c\" data-key=\"adc4f3d754ef4b74a7b8186ce87e390a\"><span class=\"text-4505230f--TextH400-3033861f--textContentFamily-49a318e1\"><span data-key=\"d48ad59fb75f48c8890e7514f3318fed\">\u00cen scris la: Trident boats, Nydri Lefkada, 31100, Grecia<\/span><\/span><\/p><p class=\"blockParagraph-544a408c\" data-key=\"b75d0b482d1140ef9350e236eef92c72\"><span class=\"text-4505230f--TextH400-3033861f--textContentFamily-49a318e1\"><span data-key=\"90ea1123eb5b467ca7c6228e42a1f5e3\">Pute\u021bi contacta echipa noastr\u0103 de servicii pentru clien\u021bi la urm\u0103torul num\u0103r de telefon: (+30) 6909424717<\/span><\/span><\/p><div class=\"blockHeadingContent-756c9114\"><span class=\"text-4505230f--HeadingH600-23f228db--textContentFamily-49a318e1\"><span data-key=\"d36552ae60bf4878b7c0b537cc54816a\">Google Analytics<\/span><\/span><\/div><p class=\"blockParagraph-544a408c\" data-key=\"1ab284873ecb4658a91e56737933e33d\"><span class=\"text-4505230f--TextH400-3033861f--textContentFamily-49a318e1\"><span data-key=\"af04a58055e44afdb414ccb69d31fe52\">Site-ul Trident boats utilizeaz\u0103 module cookie pentru a permite func\u021bionarea corect\u0103 a Google Analytics. Google Analytics este un instrument gratuit de analiz\u0103 web care ne ajut\u0103 s\u0103 \u00een\u021belegem modul \u00een care vizitatorii se angajeaz\u0103 cu site-ul web Trident boats. Aceste module cookie au nume care \u00eencep cu utm, cum ar fi utma \u0219i __utmz.<\/span><\/span><\/p><p class=\"blockParagraph-544a408c\" data-key=\"7a6b40a8791248378df63294503a8688\"><span class=\"text-4505230f--TextH400-3033861f--textContentFamily-49a318e1\"><span data-key=\"7f1077398d934fd2ace102308e9b17d4\">Google Analytics colecteaz\u0103 informa\u021bii \u00een mod anonim; acesta raporteaz\u0103 tendin\u021bele site-ului web f\u0103r\u0103 a identifica vizitatorii individuali. Cookie-urile stocheaz\u0103 informa\u021bii precum num\u0103rul de vizite pe site \u0219i site-ul care a trimis vizitatorul la pagina web. Utiliz\u0103m informa\u021biile pentru a vizualiza rapoarte despre modul \u00een care vizitatorii interac\u021bioneaz\u0103 cu site-ul web \u0219i pentru a ne ajuta s\u0103 \u00eembun\u0103t\u0103\u021bim site-ul web. Un set diferit de module cookie este utilizat pentru fiecare site web, iar vizitatorii nu sunt urm\u0103ri\u021bi pe mai multe site-uri.<\/span><\/span><\/p><p class=\"blockParagraph-544a408c\" data-key=\"bf57073d235d4194b72f2a7fc2ebfa78\"><span class=\"text-4505230f--TextH400-3033861f--textContentFamily-49a318e1\"><span data-key=\"1e704be657484d02b6731d6c041eae11\">Informa\u021bii despre aceste module cookie \u0219i despre cum s\u0103 le respinge\u021bi sau s\u0103 le \u0219terge\u021bi:\u00a0<\/span><a class=\"link-a079aa82--primary-53a25e66--link-faf6c434\" href=\"https:\/\/www.google.co.uk\/intl\/en\/analytics\/privacyoverview.html\" target=\"_blank\" rel=\"noopener noreferrer\" data-key=\"b19c2d94d3624d32bcdd85db087bd0cb\"><span data-key=\"a5b2c6562c3544cea9aa224b48a8319c\">http:\/\/www.google.co.uk\/intl\/en\/analytics\/privacyoverview.html<\/span><\/a><span data-key=\"c48712e785824ee19d8820fc09b7dc43\">\u00a0\u0219i\u00a0<\/span><a class=\"link-a079aa82--primary-53a25e66--link-faf6c434\" href=\"https:\/\/policies.google.com\/privacy?hl=en#toc-analytics\" target=\"_blank\" rel=\"noopener noreferrer\" data-key=\"80d4dd3093564c19ad814ef43f702cff\"><span data-key=\"4e3e801915f94e20abd3979d822528ec\">https:\/\/policies.google.com\/privacy?hl=en#toc-analytics<\/span><\/a><span data-key=\"22ff10c851ff4ed0b6f1607875ac8bc2\">. Pentru a renun\u021ba la urm\u0103rirea de c\u0103tre Google Analytics pe toate site-urile web, vizita\u021bi\u00a0<\/span><a class=\"link-a079aa82--primary-53a25e66--link-faf6c434\" href=\"https:\/\/tools.google.com\/dlpage\/gaoptout\" target=\"_blank\" rel=\"noopener noreferrer\" data-key=\"e13ca21b83b6446f8bd49a02c2cbc45e\"><span data-key=\"1b13e42bba694355938612ab4567379e\">http:\/\/tools.google.com\/dlpage\/gaoptout<\/span><\/a><span data-key=\"dbc5dafcb473414b844ef8702914b486\">.<\/span><\/span><\/p><p class=\"blockParagraph-544a408c\" data-key=\"e5e96b8dd32a4b91a1c97977a74edf8c\"><span class=\"text-4505230f--TextH400-3033861f--textContentFamily-49a318e1\"><span data-key=\"7676b8c571094d2593e1e564997aee9b\">Politica de confiden\u021bialitate a Google:\u00a0<\/span><a class=\"link-a079aa82--primary-53a25e66--link-faf6c434\" href=\"https:\/\/www.google.com\/intl\/en\/privacypolicy.html%E2%80%8B\" target=\"_blank\" rel=\"noopener noreferrer\" data-key=\"5248444a5c404945b24ab45d584adf9d\"><span data-key=\"32cda237199447c3a4b61c9a609dab18\">http:\/\/www.google.com\/intl\/en\/privacypolicy.html<\/span><\/a><span data-key=\"c76df9be02534cacaa33fc7aeb2dd900\">\u200b<\/span><\/span><\/p><div class=\"blockHeadingContent-756c9114\"><span class=\"text-4505230f--HeadingH600-23f228db--textContentFamily-49a318e1\"><span data-key=\"47d343b01ab445548e0c5bdf7e88b8c0\">Cum s\u0103 controla\u021bi \u0219i s\u0103 \u0219terge\u021bi modulele cookie<\/span><\/span><\/div><p class=\"blockParagraph-544a408c\" data-key=\"00161cc3644d42c69dc0f78eb7da9b04\"><span class=\"text-4505230f--TextH400-3033861f--textContentFamily-49a318e1\"><span data-key=\"ae18bcafa40c4001ba0c59c6c64003df\">Pute\u021bi restric\u021biona sau bloca modulele cookie care sunt setate de site-ul web Trident boats sau de orice alt site web, prin set\u0103rile browserului dumneavoastr\u0103. Pentru a afla mai multe despre modulele cookie \u0219i despre modul de gestionare a acestora, vizita\u021bi www.aboutcookies.org.<\/span><\/span><\/p><p class=\"blockParagraph-544a408c\" data-key=\"b2bfa787437b4b24a02e2aa125061e69\"><span class=\"text-4505230f--TextH400-3033861f--textContentFamily-49a318e1\"><span data-key=\"32dd045f152043e4b0e42de4687a6a46\">V\u0103 rug\u0103m s\u0103 re\u021bine\u021bi c\u0103 restric\u021bionarea cookie-urilor poate avea un impact asupra func\u021bionalit\u0103\u021bii site-ului Trident boats.<\/span><\/span><\/p><\/div><\/div><\/div>\t\t\t\t\t\t\t\t<\/div>\n\t\t\t\t<\/div>\n\t\t\t\t\t<\/div>\n\t\t\t\t<\/div>\n\t\t\t\t<\/div>","protected":false},"excerpt":{"rendered":"<p>Privacy Policy What personal information we use, and how we store and process it. Summary Trident boats does not disclose visitors\u2019 information to third parties. Any information that you provide us with, whether it be business or personal information (such [&hellip;]<\/p>\n","protected":false},"author":1,"featured_media":0,"parent":0,"menu_order":0,"comment_status":"closed","ping_status":"closed","template":"","meta":{"footnotes":""},"class_list":["post-187067","page","type-page","status-publish","hentry"],"yoast_head":"<!-- This site is optimized with the Yoast SEO plugin v27.1.1 - https:\/\/yoast.com\/product\/yoast-seo-wordpress\/ -->\n<title>Privacy Policy - Lefkada Rib Boats - Rent a rib boat in Lefkada<\/title>\n<meta name=\"robots\" content=\"index, follow, max-snippet:-1, max-image-preview:large, max-video-preview:-1\" \/>\n<link rel=\"canonical\" href=\"https:\/\/lefkadaribs.gr\/ro\/politica-de-confidentialitate\/\" \/>\n<meta property=\"og:locale\" content=\"ro_RO\" \/>\n<meta property=\"og:type\" content=\"article\" \/>\n<meta property=\"og:title\" content=\"Privacy Policy - Lefkada Rib Boats - Rent a rib boat in Lefkada\" \/>\n<meta property=\"og:description\" content=\"Privacy Policy What personal information we use, and how we store and process it. Summary Trident boats does not disclose visitors\u2019 information to third parties. Any information that you provide us with, whether it be business or personal information (such [&hellip;]\" \/>\n<meta property=\"og:url\" content=\"https:\/\/lefkadaribs.gr\/ro\/politica-de-confidentialitate\/\" \/>\n<meta property=\"og:site_name\" content=\"Lefkada Rib Boats - Rent a rib boat in Lefkada\" \/>\n<meta property=\"article:modified_time\" content=\"2024-06-30T15:00:21+00:00\" \/>\n<meta name=\"twitter:card\" content=\"summary_large_image\" \/>\n<meta name=\"twitter:label1\" content=\"Timp estimat pentru citire\" \/>\n\t<meta name=\"twitter:data1\" content=\"4 minute\" \/>\n<script type=\"application\/ld+json\" class=\"yoast-schema-graph\">{\"@context\":\"https:\/\/schema.org\",\"@graph\":[{\"@type\":\"WebPage\",\"@id\":\"https:\/\/lefkadaribs.gr\/privacy-policy\/\",\"url\":\"https:\/\/lefkadaribs.gr\/privacy-policy\/\",\"name\":\"Privacy Policy - Lefkada Rib Boats - Rent a rib boat in Lefkada\",\"isPartOf\":{\"@id\":\"https:\/\/lefkadaribs.gr\/#website\"},\"datePublished\":\"2024-06-30T14:58:45+00:00\",\"dateModified\":\"2024-06-30T15:00:21+00:00\",\"breadcrumb\":{\"@id\":\"https:\/\/lefkadaribs.gr\/privacy-policy\/#breadcrumb\"},\"inLanguage\":\"ro-RO\",\"potentialAction\":[{\"@type\":\"ReadAction\",\"target\":[\"https:\/\/lefkadaribs.gr\/privacy-policy\/\"]}]},{\"@type\":\"BreadcrumbList\",\"@id\":\"https:\/\/lefkadaribs.gr\/privacy-policy\/#breadcrumb\",\"itemListElement\":[{\"@type\":\"ListItem\",\"position\":1,\"name\":\"Home\",\"item\":\"https:\/\/lefkadaribs.gr\/\"},{\"@type\":\"ListItem\",\"position\":2,\"name\":\"Privacy Policy\"}]},{\"@type\":\"WebSite\",\"@id\":\"https:\/\/lefkadaribs.gr\/#website\",\"url\":\"https:\/\/lefkadaribs.gr\/\",\"name\":\"Lefkada Rib Boats - Rent a rib boat in Lefkada\",\"description\":\"Lefkada Rib Boats - Rent a rib boat in Lefkada\",\"potentialAction\":[{\"@type\":\"SearchAction\",\"target\":{\"@type\":\"EntryPoint\",\"urlTemplate\":\"https:\/\/lefkadaribs.gr\/?s={search_term_string}\"},\"query-input\":{\"@type\":\"PropertyValueSpecification\",\"valueRequired\":true,\"valueName\":\"search_term_string\"}}],\"inLanguage\":\"ro-RO\"}]}<\/script>\n<!-- \/ Yoast SEO plugin. -->","yoast_head_json":{"title":"Privacy Policy - Lefkada Rib Boats - Rent a rib boat in Lefkada","robots":{"index":"index","follow":"follow","max-snippet":"max-snippet:-1","max-image-preview":"max-image-preview:large","max-video-preview":"max-video-preview:-1"},"canonical":"https:\/\/lefkadaribs.gr\/ro\/politica-de-confidentialitate\/","og_locale":"ro_RO","og_type":"article","og_title":"Privacy Policy - Lefkada Rib Boats - Rent a rib boat in Lefkada","og_description":"Privacy Policy What personal information we use, and how we store and process it. Summary Trident boats does not disclose visitors\u2019 information to third parties. Any information that you provide us with, whether it be business or personal information (such [&hellip;]","og_url":"https:\/\/lefkadaribs.gr\/ro\/politica-de-confidentialitate\/","og_site_name":"Lefkada Rib Boats - Rent a rib boat in Lefkada","article_modified_time":"2024-06-30T15:00:21+00:00","twitter_card":"summary_large_image","twitter_misc":{"Timp estimat pentru citire":"4 minute"},"schema":{"@context":"https:\/\/schema.org","@graph":[{"@type":"WebPage","@id":"https:\/\/lefkadaribs.gr\/privacy-policy\/","url":"https:\/\/lefkadaribs.gr\/privacy-policy\/","name":"Privacy Policy - Lefkada Rib Boats - Rent a rib boat in Lefkada","isPartOf":{"@id":"https:\/\/lefkadaribs.gr\/#website"},"datePublished":"2024-06-30T14:58:45+00:00","dateModified":"2024-06-30T15:00:21+00:00","breadcrumb":{"@id":"https:\/\/lefkadaribs.gr\/privacy-policy\/#breadcrumb"},"inLanguage":"ro-RO","potentialAction":[{"@type":"ReadAction","target":["https:\/\/lefkadaribs.gr\/privacy-policy\/"]}]},{"@type":"BreadcrumbList","@id":"https:\/\/lefkadaribs.gr\/privacy-policy\/#breadcrumb","itemListElement":[{"@type":"ListItem","position":1,"name":"Home","item":"https:\/\/lefkadaribs.gr\/"},{"@type":"ListItem","position":2,"name":"Privacy Policy"}]},{"@type":"WebSite","@id":"https:\/\/lefkadaribs.gr\/#website","url":"https:\/\/lefkadaribs.gr\/","name":"Lefkada Rib Boats - Rent a rib boat in Lefkada","description":"Lefkada Rib Boats - Rent a rib boat in Lefkada","potentialAction":[{"@type":"SearchAction","target":{"@type":"EntryPoint","urlTemplate":"https:\/\/lefkadaribs.gr\/?s={search_term_string}"},"query-input":{"@type":"PropertyValueSpecification","valueRequired":true,"valueName":"search_term_string"}}],"inLanguage":"ro-RO"}]}},"_links":{"self":[{"href":"https:\/\/lefkadaribs.gr\/ro\/wp-json\/wp\/v2\/pages\/187067","targetHints":{"allow":["GET"]}}],"collection":[{"href":"https:\/\/lefkadaribs.gr\/ro\/wp-json\/wp\/v2\/pages"}],"about":[{"href":"https:\/\/lefkadaribs.gr\/ro\/wp-json\/wp\/v2\/types\/page"}],"author":[{"embeddable":true,"href":"https:\/\/lefkadaribs.gr\/ro\/wp-json\/wp\/v2\/users\/1"}],"replies":[{"embeddable":true,"href":"https:\/\/lefkadaribs.gr\/ro\/wp-json\/wp\/v2\/comments?post=187067"}],"version-history":[{"count":4,"href":"https:\/\/lefkadaribs.gr\/ro\/wp-json\/wp\/v2\/pages\/187067\/revisions"}],"predecessor-version":[{"id":187071,"href":"https:\/\/lefkadaribs.gr\/ro\/wp-json\/wp\/v2\/pages\/187067\/revisions\/187071"}],"wp:attachment":[{"href":"https:\/\/lefkadaribs.gr\/ro\/wp-json\/wp\/v2\/media?parent=187067"}],"curies":[{"name":"wp","href":"https:\/\/api.w.org\/{rel}","templated":true}]}}