{"id":187116,"date":"2024-07-01T16:23:58","date_gmt":"2024-07-01T16:23:58","guid":{"rendered":"http:\/\/trident.boursinos.gr\/?page_id=187116"},"modified":"2024-07-01T16:25:24","modified_gmt":"2024-07-01T16:25:24","slug":"lefkada","status":"publish","type":"page","link":"https:\/\/lefkadaribs.gr\/ro\/destinatii\/lefkada\/","title":{"rendered":"Lefkada"},"content":{"rendered":"<div data-elementor-type=\"wp-page\" data-elementor-id=\"187116\" class=\"elementor elementor-187116\" data-elementor-post-type=\"page\">\n\t\t\t\t\t\t<section class=\"elementor-section elementor-top-section elementor-element elementor-element-6e3b6ea elementor-section-height-min-height elementor-section-full_width elementor-section-stretched elementor-section-height-default elementor-section-items-middle\" data-id=\"6e3b6ea\" data-element_type=\"section\" data-e-type=\"section\" data-settings=\"{&quot;background_background&quot;:&quot;classic&quot;,&quot;hoteller_ext_is_background_parallax&quot;:&quot;true&quot;,&quot;stretch_section&quot;:&quot;section-stretched&quot;,&quot;hoteller_ext_is_background_parallax_speed&quot;:{&quot;unit&quot;:&quot;px&quot;,&quot;size&quot;:0.1,&quot;sizes&quot;:[]},&quot;hoteller_ext_is_background_on_scroll&quot;:&quot;false&quot;}\">\n\t\t\t\t\t\t\t<div class=\"elementor-background-overlay\"><\/div>\n\t\t\t\t\t\t\t<div class=\"elementor-container elementor-column-gap-no\">\n\t\t\t\t\t<div class=\"elementor-column elementor-col-100 elementor-top-column elementor-element elementor-element-6bc32b8\" data-id=\"6bc32b8\" data-element_type=\"column\" data-e-type=\"column\" data-settings=\"{&quot;hoteller_ext_link_sidemenu&quot;:&quot;false&quot;,&quot;hoteller_ext_link_fullmenu&quot;:&quot;false&quot;,&quot;hoteller_ext_link_closed_fullmenu&quot;:&quot;false&quot;,&quot;hoteller_ext_is_scrollme&quot;:&quot;false&quot;,&quot;hoteller_ext_is_smoove&quot;:&quot;false&quot;,&quot;hoteller_ext_is_parallax_mouse&quot;:&quot;false&quot;,&quot;hoteller_ext_is_infinite&quot;:&quot;false&quot;,&quot;hoteller_ext_is_fadeout_animation&quot;:&quot;false&quot;,&quot;hoteller_ext_mobile_static&quot;:&quot;false&quot;}\">\n\t\t\t<div class=\"elementor-widget-wrap elementor-element-populated\">\n\t\t\t\t\t\t<div class=\"elementor-element elementor-element-97f0892 elementor-widget elementor-widget-heading\" data-id=\"97f0892\" data-element_type=\"widget\" data-e-type=\"widget\" data-settings=\"{&quot;hoteller_ext_link_sidemenu&quot;:&quot;false&quot;,&quot;hoteller_ext_link_fullmenu&quot;:&quot;false&quot;,&quot;hoteller_ext_link_closed_fullmenu&quot;:&quot;false&quot;,&quot;hoteller_ext_is_scrollme&quot;:&quot;false&quot;,&quot;hoteller_ext_is_smoove&quot;:&quot;false&quot;,&quot;hoteller_ext_is_parallax_mouse&quot;:&quot;false&quot;,&quot;hoteller_ext_is_infinite&quot;:&quot;false&quot;,&quot;hoteller_ext_is_fadeout_animation&quot;:&quot;false&quot;,&quot;hoteller_ext_mobile_static&quot;:&quot;false&quot;}\" data-widget_type=\"heading.default\">\n\t\t\t\t<div class=\"elementor-widget-container\">\n\t\t\t\t\t<h1 class=\"elementor-heading-title elementor-size-default\">Lefkada<\/h1>\t\t\t\t<\/div>\n\t\t\t\t<\/div>\n\t\t\t\t\t<\/div>\n\t\t<\/div>\n\t\t\t\t\t<\/div>\n\t\t<\/section>\n\t\t<div class=\"elementor-element elementor-element-feceab1 e-flex e-con-boxed e-con e-parent\" data-id=\"feceab1\" data-element_type=\"container\" data-e-type=\"container\" data-settings=\"{&quot;hoteller_ext_is_background_parallax&quot;:&quot;false&quot;,&quot;hoteller_ext_is_background_on_scroll&quot;:&quot;false&quot;,&quot;hoteller_ext_link_sidemenu&quot;:&quot;false&quot;,&quot;hoteller_ext_link_fullmenu&quot;:&quot;false&quot;,&quot;hoteller_ext_link_closed_fullmenu&quot;:&quot;false&quot;,&quot;hoteller_ext_is_scrollme&quot;:&quot;false&quot;,&quot;hoteller_ext_is_smoove&quot;:&quot;false&quot;,&quot;hoteller_ext_is_parallax_mouse&quot;:&quot;false&quot;,&quot;hoteller_ext_is_infinite&quot;:&quot;false&quot;,&quot;hoteller_ext_is_fadeout_animation&quot;:&quot;false&quot;,&quot;hoteller_ext_mobile_static&quot;:&quot;false&quot;}\">\n\t\t\t\t\t<div class=\"e-con-inner\">\n\t\t\t\t<div class=\"elementor-element elementor-element-e648611 elementor-widget elementor-widget-text-editor\" data-id=\"e648611\" data-element_type=\"widget\" data-e-type=\"widget\" data-settings=\"{&quot;hoteller_ext_link_sidemenu&quot;:&quot;false&quot;,&quot;hoteller_ext_link_fullmenu&quot;:&quot;false&quot;,&quot;hoteller_ext_link_closed_fullmenu&quot;:&quot;false&quot;,&quot;hoteller_ext_is_scrollme&quot;:&quot;false&quot;,&quot;hoteller_ext_is_smoove&quot;:&quot;false&quot;,&quot;hoteller_ext_is_parallax_mouse&quot;:&quot;false&quot;,&quot;hoteller_ext_is_infinite&quot;:&quot;false&quot;,&quot;hoteller_ext_is_fadeout_animation&quot;:&quot;false&quot;,&quot;hoteller_ext_mobile_static&quot;:&quot;false&quot;}\" data-widget_type=\"text-editor.default\">\n\t\t\t\t<div class=\"elementor-widget-container\">\n\t\t\t\t\t\t\t\t\t<div class=\"wpb_text_column wpb_content_element\">\n<div class=\"wpb_wrapper\">\n<p>Lefkada este o insul\u0103 din Marea Ionic\u0103 \u0219i face parte din complexul insular Eptanisa. Se afl\u0103 \u00eentre insulele Corfu \u0219i Kefalonia. Este foarte aproape de \u021b\u0103rmurile continentului vestic al Greciei. Doar o mic\u0103 f\u00e2\u0219ie de mare separ\u0103 insula de Akarnania \u0219i un pod plutitor de cincizeci de metri le conecteaz\u0103.<\/p>\n<\/div>\n<\/div>\n<div class=\"separator transparent\">&nbsp;<span style=\"font-size: 16px; text-align: var(--text-align);\">Lefkada acoper\u0103 o suprafa\u021b\u0103 de 302,5 kilometri p\u0103tra\u021bi \u0219i este a patra insul\u0103 ca m\u0103rime din complexul Eptanese, cu o popula\u021bie de 23 000 de persoane. Lefkada, \u00eempreun\u0103 cu insulele Meganissi, Kalamos, Kastos, Scorpios, Skorpidi, Mathouri, Sparti, Thilia, Kythros \u0219i alte insule mai mici din jurul lor, constituie provincia Lefkada cu ora\u0219ul Leukada drept capital\u0103 \u0219i este \u00eemp\u0103r\u021bit\u0103 \u00een 6 municipalit\u0103\u021bi (Lefkada, Ellomenos, Apollonion, Karyas, Sfakioton \u0219i Meganissi) \u0219i dou\u0103 comitate (Kalamos \u0219i Kastos).<\/span><\/div>\n<div class=\"separator transparent\"><span style=\"font-size: 16px; text-align: var(--text-align);\"><br><\/span><\/div><div class=\"separator transparent\"><span style=\"font-size: 16px; text-align: var(--text-align);\">Clima insulei este mediteranean\u0103, cu perioade lungi de soare pe tot parcursul anului, iarna temperat\u0103, dar ploioas\u0103 \u0219i vara cald\u0103, dar pl\u0103cut\u0103 datorit\u0103 brizei r\u0103coroase. 70% din Lefkada este acoperit\u0103 de mun\u021bi. Cel mai \u00eenalt v\u00e2rf dintre toate este Stavrota (1.182 m), urmat de Elati (1.126 \u03bc.), iar St Lias (1.014 m) \u0219i Mega Oros (1.012 m) ocup\u0103 locurile trei \u0219i patru. Pe partea de vest a insulei, care este destul de abrupt\u0103, exist\u0103 multe plaje lungi cu nisip. Lefkada posed\u0103 platouri \u00eenguste, v\u0103i fertile \u0219i canioane cu planta\u021bii bogate, \u00een timp ce are \u0219i o flor\u0103 remarcabil\u0103 care include m\u0103slini, chirpici, o varietate de pini, o varietate special\u0103 de stejar, ierburi aromatice \u0219i flori rare.<\/span><\/div>\n<div class=\"separator transparent\">&nbsp;<br><span style=\"font-size: 16px; text-align: var(--text-align);\">Insula are multe izvoare, cum ar fi cunoscutele izvoare Kerasia din Sivros, torente care devin destul de violente uneori \u0219i formeaz\u0103 mici cataracte, cum ar fi cea din Nydri, Dimosaris \u0219i canioane impresionante, cum ar fi cele din Mellisa din Sfakiotes \u0219i din Haradiatikos. Cele dou\u0103 lacuri s\u0103rate din partea de nord a insulei sunt o rezerv\u0103 foarte important\u0103 pentru multe specii de p\u0103s\u0103ri.<\/span><\/div>\n<div class=\"separator transparent\">&nbsp;<\/div><div class=\"separator transparent\"><span style=\"font-size: 16px; text-align: var(--text-align);\">Linia de coast\u0103 a Lefkadei este, de asemenea, foarte bogat\u0103. Acesta este alc\u0103tuit din plaje impresionante, peninsule, promontorii - \u00een special promontoriul Lefkata - golfuri care formeaz\u0103 porturi naturale magnifice, remarc\u00e2ndu-se cele din Vlihos, Syvota \u0219i Routha \u00een est \u0219i Vassiliki \u00een partea de sud a insulei. \u00cen Meganissi exist\u0103 multe golfuri consecutive care creeaz\u0103 fiorduri mici, dar impresionante.<\/span><\/div>\t\t\t\t\t\t\t\t<\/div>\n\t\t\t\t<\/div>\n\t\t\t\t\t<\/div>\n\t\t\t\t<\/div>\n\t\t\t\t<\/div>","protected":false},"excerpt":{"rendered":"<p>Lefkada Lefkada is an island of the Ionian Sea and belongs to the island complex of Eptanisa. It lies between the islands of Corfu and Kefalonia. It is very close to the shores of the western mainland of Greece. Only [&hellip;]<\/p>\n","protected":false},"author":1,"featured_media":0,"parent":187095,"menu_order":0,"comment_status":"closed","ping_status":"closed","template":"","meta":{"footnotes":""},"class_list":["post-187116","page","type-page","status-publish","hentry"],"yoast_head":"<!-- This site is optimized with the Yoast SEO plugin v27.1.1 - https:\/\/yoast.com\/product\/yoast-seo-wordpress\/ -->\n<title>Lefkada - Lefkada Rib Boats - Rent a rib boat in Lefkada<\/title>\n<meta name=\"robots\" content=\"index, follow, max-snippet:-1, max-image-preview:large, max-video-preview:-1\" \/>\n<link rel=\"canonical\" href=\"https:\/\/lefkadaribs.gr\/ro\/destinatii\/lefkada\/\" \/>\n<meta property=\"og:locale\" content=\"ro_RO\" \/>\n<meta property=\"og:type\" content=\"article\" \/>\n<meta property=\"og:title\" content=\"Lefkada - Lefkada Rib Boats - Rent a rib boat in Lefkada\" \/>\n<meta property=\"og:description\" content=\"Lefkada Lefkada is an island of the Ionian Sea and belongs to the island complex of Eptanisa. It lies between the islands of Corfu and Kefalonia. It is very close to the shores of the western mainland of Greece. Only [&hellip;]\" \/>\n<meta property=\"og:url\" content=\"https:\/\/lefkadaribs.gr\/ro\/destinatii\/lefkada\/\" \/>\n<meta property=\"og:site_name\" content=\"Lefkada Rib Boats - Rent a rib boat in Lefkada\" \/>\n<meta property=\"article:modified_time\" content=\"2024-07-01T16:25:24+00:00\" \/>\n<meta name=\"twitter:card\" content=\"summary_large_image\" \/>\n<meta name=\"twitter:label1\" content=\"Timp estimat pentru citire\" \/>\n\t<meta name=\"twitter:data1\" content=\"2 minute\" \/>\n<script type=\"application\/ld+json\" class=\"yoast-schema-graph\">{\"@context\":\"https:\/\/schema.org\",\"@graph\":[{\"@type\":\"WebPage\",\"@id\":\"https:\/\/lefkadaribs.gr\/destinations\/lefkada\/\",\"url\":\"https:\/\/lefkadaribs.gr\/destinations\/lefkada\/\",\"name\":\"Lefkada - Lefkada Rib Boats - Rent a rib boat in Lefkada\",\"isPartOf\":{\"@id\":\"https:\/\/lefkadaribs.gr\/#website\"},\"datePublished\":\"2024-07-01T16:23:58+00:00\",\"dateModified\":\"2024-07-01T16:25:24+00:00\",\"breadcrumb\":{\"@id\":\"https:\/\/lefkadaribs.gr\/destinations\/lefkada\/#breadcrumb\"},\"inLanguage\":\"ro-RO\",\"potentialAction\":[{\"@type\":\"ReadAction\",\"target\":[\"https:\/\/lefkadaribs.gr\/destinations\/lefkada\/\"]}]},{\"@type\":\"BreadcrumbList\",\"@id\":\"https:\/\/lefkadaribs.gr\/destinations\/lefkada\/#breadcrumb\",\"itemListElement\":[{\"@type\":\"ListItem\",\"position\":1,\"name\":\"Home\",\"item\":\"https:\/\/lefkadaribs.gr\/\"},{\"@type\":\"ListItem\",\"position\":2,\"name\":\"Destinations\",\"item\":\"https:\/\/lefkadaribs.gr\/destinations\/\"},{\"@type\":\"ListItem\",\"position\":3,\"name\":\"Lefkada\"}]},{\"@type\":\"WebSite\",\"@id\":\"https:\/\/lefkadaribs.gr\/#website\",\"url\":\"https:\/\/lefkadaribs.gr\/\",\"name\":\"Lefkada Rib Boats - Rent a rib boat in Lefkada\",\"description\":\"Lefkada Rib Boats - Rent a rib boat in Lefkada\",\"potentialAction\":[{\"@type\":\"SearchAction\",\"target\":{\"@type\":\"EntryPoint\",\"urlTemplate\":\"https:\/\/lefkadaribs.gr\/?s={search_term_string}\"},\"query-input\":{\"@type\":\"PropertyValueSpecification\",\"valueRequired\":true,\"valueName\":\"search_term_string\"}}],\"inLanguage\":\"ro-RO\"}]}<\/script>\n<!-- \/ Yoast SEO plugin. -->","yoast_head_json":{"title":"Lefkada - Lefkada Rib Boats - Rent a rib boat in Lefkada","robots":{"index":"index","follow":"follow","max-snippet":"max-snippet:-1","max-image-preview":"max-image-preview:large","max-video-preview":"max-video-preview:-1"},"canonical":"https:\/\/lefkadaribs.gr\/ro\/destinatii\/lefkada\/","og_locale":"ro_RO","og_type":"article","og_title":"Lefkada - Lefkada Rib Boats - Rent a rib boat in Lefkada","og_description":"Lefkada Lefkada is an island of the Ionian Sea and belongs to the island complex of Eptanisa. It lies between the islands of Corfu and Kefalonia. It is very close to the shores of the western mainland of Greece. Only [&hellip;]","og_url":"https:\/\/lefkadaribs.gr\/ro\/destinatii\/lefkada\/","og_site_name":"Lefkada Rib Boats - Rent a rib boat in Lefkada","article_modified_time":"2024-07-01T16:25:24+00:00","twitter_card":"summary_large_image","twitter_misc":{"Timp estimat pentru citire":"2 minute"},"schema":{"@context":"https:\/\/schema.org","@graph":[{"@type":"WebPage","@id":"https:\/\/lefkadaribs.gr\/destinations\/lefkada\/","url":"https:\/\/lefkadaribs.gr\/destinations\/lefkada\/","name":"Lefkada - Lefkada Rib Boats - Rent a rib boat in Lefkada","isPartOf":{"@id":"https:\/\/lefkadaribs.gr\/#website"},"datePublished":"2024-07-01T16:23:58+00:00","dateModified":"2024-07-01T16:25:24+00:00","breadcrumb":{"@id":"https:\/\/lefkadaribs.gr\/destinations\/lefkada\/#breadcrumb"},"inLanguage":"ro-RO","potentialAction":[{"@type":"ReadAction","target":["https:\/\/lefkadaribs.gr\/destinations\/lefkada\/"]}]},{"@type":"BreadcrumbList","@id":"https:\/\/lefkadaribs.gr\/destinations\/lefkada\/#breadcrumb","itemListElement":[{"@type":"ListItem","position":1,"name":"Home","item":"https:\/\/lefkadaribs.gr\/"},{"@type":"ListItem","position":2,"name":"Destinations","item":"https:\/\/lefkadaribs.gr\/destinations\/"},{"@type":"ListItem","position":3,"name":"Lefkada"}]},{"@type":"WebSite","@id":"https:\/\/lefkadaribs.gr\/#website","url":"https:\/\/lefkadaribs.gr\/","name":"Lefkada Rib Boats - Rent a rib boat in Lefkada","description":"Lefkada Rib Boats - Rent a rib boat in Lefkada","potentialAction":[{"@type":"SearchAction","target":{"@type":"EntryPoint","urlTemplate":"https:\/\/lefkadaribs.gr\/?s={search_term_string}"},"query-input":{"@type":"PropertyValueSpecification","valueRequired":true,"valueName":"search_term_string"}}],"inLanguage":"ro-RO"}]}},"_links":{"self":[{"href":"https:\/\/lefkadaribs.gr\/ro\/wp-json\/wp\/v2\/pages\/187116","targetHints":{"allow":["GET"]}}],"collection":[{"href":"https:\/\/lefkadaribs.gr\/ro\/wp-json\/wp\/v2\/pages"}],"about":[{"href":"https:\/\/lefkadaribs.gr\/ro\/wp-json\/wp\/v2\/types\/page"}],"author":[{"embeddable":true,"href":"https:\/\/lefkadaribs.gr\/ro\/wp-json\/wp\/v2\/users\/1"}],"replies":[{"embeddable":true,"href":"https:\/\/lefkadaribs.gr\/ro\/wp-json\/wp\/v2\/comments?post=187116"}],"version-history":[{"count":7,"href":"https:\/\/lefkadaribs.gr\/ro\/wp-json\/wp\/v2\/pages\/187116\/revisions"}],"predecessor-version":[{"id":187165,"href":"https:\/\/lefkadaribs.gr\/ro\/wp-json\/wp\/v2\/pages\/187116\/revisions\/187165"}],"up":[{"embeddable":true,"href":"https:\/\/lefkadaribs.gr\/ro\/wp-json\/wp\/v2\/pages\/187095"}],"wp:attachment":[{"href":"https:\/\/lefkadaribs.gr\/ro\/wp-json\/wp\/v2\/media?parent=187116"}],"curies":[{"name":"wp","href":"https:\/\/api.w.org\/{rel}","templated":true}]}}