{"id":174836,"date":"2022-03-31T09:22:15","date_gmt":"2022-03-31T09:22:15","guid":{"rendered":"http:\/\/trident.boursinos.gr\/?post_type=product&#038;p=174836"},"modified":"2026-02-27T09:41:56","modified_gmt":"2026-02-27T09:41:56","slug":"croaziera-la-apus-de-soare","status":"publish","type":"product","link":"https:\/\/lefkadaribs.gr\/ro\/produs\/croaziera-la-apus-de-soare\/","title":{"rendered":"Croazier\u0103 la apus de soare"},"content":{"rendered":"<p>Pleca\u021bi \u00een croazier\u0103 spre coasta de vest a Capului Dukato, cunoscut \u0219i ca loca\u021bia lui Sapho. Debarc\u0103m de la biroul nostru din Nidri la o anumit\u0103 or\u0103, ora de plecare va depinde de ora la care soarele va apune. Acest lucru este cel mai bine organizat atunci c\u00e2nd rezerv\u0103m croaziera noastr\u0103, astfel \u00eenc\u00e2t s\u0103 nu rat\u0103m acest loc maiestuos. C\u0103pitanul nostru v\u0103 va duce la locul specific de l\u00e2ng\u0103 Capul Dukato, pe drum ve\u021bi avea op\u021biunea de a servi o b\u0103utur\u0103 r\u0103coritoare sau un vin bun pentru a v\u0103 bucura de plimbare. C\u00e2nd ajunge\u021bi la loca\u021bie, ve\u021bi avea timp s\u0103 v\u0103 relaxa\u021bi \u0219i s\u0103 v\u0103 bucura\u021bi de un apus de soare romantic cu b\u0103utura \u00een m\u00e2n\u0103, desigur, \u00eencuraj\u0103m fotografiile \u0219i \u00eenc\u0103rc\u0103rile pe toate re\u021belele sociale. Ve\u021bi avea op\u021biunea de a vizita Porto Katsiki, care se afl\u0103 la o plimbare de numai 5\u2032, \u00eenainte de a v\u0103 \u00eentoarce la biroul nostru. V\u0103 recomand\u0103m s\u0103 cere\u021bi personalului nostru prognoza meteo \u00eenainte de a pleca pentru a avea o plimbare destul de calm\u0103 \u0219i pl\u0103cut\u0103.<\/p>\n<p dir=\"ltr\"><span style=\"font-size: 100%;\">Recomandat pentru escapade romantice \u0219i cereri \u00een c\u0103s\u0103torie<\/span><\/p>\n<div dir=\"ltr\">\n<p dir=\"ltr\"><span style=\"font-size: 100%;\">MAX 9PAX<\/span><\/p>\n<p dir=\"ltr\"><span style=\"font-size: 100%;\">13PAX op\u021bional\u00a0<\/span><\/p>\n<p dir=\"ltr\"><span style=\"font-size: 100%;\">Durata 2-3 ore<\/span><\/p>\n<\/div>","protected":false},"excerpt":{"rendered":"<p>Take our cruise to the west coast of Cape Dukato otherwise known as the location of Sapho. We disembark from our office in Nidri at a specific\u00a0time, the time of departure will depend on the time that the sun will [&hellip;]<\/p>\n","protected":false},"featured_media":174837,"template":"","meta":[],"product_cat":[42],"product_tag":[],"class_list":{"0":"post-174836","1":"product","2":"type-product","3":"status-publish","4":"has-post-thumbnail","6":"product_cat-tours","8":"first","9":"instock","10":"shipping-taxable","11":"product-type-external"},"exclude_global_add_ons":[],"addons":[],"yoast_head":"<!-- This site is optimized with the Yoast SEO plugin v27.1.1 - https:\/\/yoast.com\/product\/yoast-seo-wordpress\/ -->\n<title>Sunset Cruise - Lefkada Rib Boats - Rent a rib boat in Lefkada<\/title>\n<meta name=\"robots\" content=\"index, follow, max-snippet:-1, max-image-preview:large, max-video-preview:-1\" \/>\n<link rel=\"canonical\" href=\"https:\/\/lefkadaribs.gr\/ro\/produs\/croaziera-la-apus-de-soare\/\" \/>\n<meta property=\"og:locale\" content=\"ro_RO\" \/>\n<meta property=\"og:type\" content=\"article\" \/>\n<meta property=\"og:title\" content=\"Sunset Cruise - Lefkada Rib Boats - Rent a rib boat in Lefkada\" \/>\n<meta property=\"og:description\" content=\"Take our cruise to the west coast of Cape Dukato otherwise known as the location of Sapho. We disembark from our office in Nidri at a specific\u00a0time, the time of departure will depend on the time that the sun will [&hellip;]\" \/>\n<meta property=\"og:url\" content=\"https:\/\/lefkadaribs.gr\/ro\/produs\/croaziera-la-apus-de-soare\/\" \/>\n<meta property=\"og:site_name\" content=\"Lefkada Rib Boats - Rent a rib boat in Lefkada\" \/>\n<meta property=\"article:modified_time\" content=\"2026-02-27T09:41:56+00:00\" \/>\n<meta property=\"og:image\" content=\"https:\/\/lefkadaribs.gr\/wp-content\/uploads\/2024\/06\/Cape_Ducato__26150.jpg\" \/>\n\t<meta property=\"og:image:width\" content=\"1186\" \/>\n\t<meta property=\"og:image:height\" content=\"534\" \/>\n\t<meta property=\"og:image:type\" content=\"image\/jpeg\" \/>\n<meta name=\"twitter:card\" content=\"summary_large_image\" \/>\n<meta name=\"twitter:label1\" content=\"Timp estimat pentru citire\" \/>\n\t<meta name=\"twitter:data1\" content=\"1 minut\" \/>\n<script type=\"application\/ld+json\" class=\"yoast-schema-graph\">{\"@context\":\"https:\/\/schema.org\",\"@graph\":[{\"@type\":\"WebPage\",\"@id\":\"https:\/\/lefkadaribs.gr\/product\/sunset-cruise\/\",\"url\":\"https:\/\/lefkadaribs.gr\/product\/sunset-cruise\/\",\"name\":\"Sunset Cruise - Lefkada Rib Boats - Rent a rib boat in Lefkada\",\"isPartOf\":{\"@id\":\"https:\/\/lefkadaribs.gr\/#website\"},\"primaryImageOfPage\":{\"@id\":\"https:\/\/lefkadaribs.gr\/product\/sunset-cruise\/#primaryimage\"},\"image\":{\"@id\":\"https:\/\/lefkadaribs.gr\/product\/sunset-cruise\/#primaryimage\"},\"thumbnailUrl\":\"https:\/\/lefkadaribs.gr\/wp-content\/uploads\/2024\/06\/Cape_Ducato__26150.jpg\",\"datePublished\":\"2022-03-31T09:22:15+00:00\",\"dateModified\":\"2026-02-27T09:41:56+00:00\",\"breadcrumb\":{\"@id\":\"https:\/\/lefkadaribs.gr\/product\/sunset-cruise\/#breadcrumb\"},\"inLanguage\":\"ro-RO\",\"potentialAction\":[{\"@type\":\"ReadAction\",\"target\":[\"https:\/\/lefkadaribs.gr\/product\/sunset-cruise\/\"]}]},{\"@type\":\"ImageObject\",\"inLanguage\":\"ro-RO\",\"@id\":\"https:\/\/lefkadaribs.gr\/product\/sunset-cruise\/#primaryimage\",\"url\":\"https:\/\/lefkadaribs.gr\/wp-content\/uploads\/2024\/06\/Cape_Ducato__26150.jpg\",\"contentUrl\":\"https:\/\/lefkadaribs.gr\/wp-content\/uploads\/2024\/06\/Cape_Ducato__26150.jpg\",\"width\":1186,\"height\":534},{\"@type\":\"BreadcrumbList\",\"@id\":\"https:\/\/lefkadaribs.gr\/product\/sunset-cruise\/#breadcrumb\",\"itemListElement\":[{\"@type\":\"ListItem\",\"position\":1,\"name\":\"Home\",\"item\":\"https:\/\/lefkadaribs.gr\/\"},{\"@type\":\"ListItem\",\"position\":2,\"name\":\"Shop\",\"item\":\"https:\/\/lefkadaribs.gr\/shop\/\"},{\"@type\":\"ListItem\",\"position\":3,\"name\":\"Sunset Cruise\"}]},{\"@type\":\"WebSite\",\"@id\":\"https:\/\/lefkadaribs.gr\/#website\",\"url\":\"https:\/\/lefkadaribs.gr\/\",\"name\":\"Lefkada Rib Boats - Rent a rib boat in Lefkada\",\"description\":\"Lefkada Rib Boats - Rent a rib boat in Lefkada\",\"potentialAction\":[{\"@type\":\"SearchAction\",\"target\":{\"@type\":\"EntryPoint\",\"urlTemplate\":\"https:\/\/lefkadaribs.gr\/?s={search_term_string}\"},\"query-input\":{\"@type\":\"PropertyValueSpecification\",\"valueRequired\":true,\"valueName\":\"search_term_string\"}}],\"inLanguage\":\"ro-RO\"}]}<\/script>\n<!-- \/ Yoast SEO plugin. -->","yoast_head_json":{"title":"Sunset Cruise - Lefkada Rib Boats - Rent a rib boat in Lefkada","robots":{"index":"index","follow":"follow","max-snippet":"max-snippet:-1","max-image-preview":"max-image-preview:large","max-video-preview":"max-video-preview:-1"},"canonical":"https:\/\/lefkadaribs.gr\/ro\/produs\/croaziera-la-apus-de-soare\/","og_locale":"ro_RO","og_type":"article","og_title":"Sunset Cruise - Lefkada Rib Boats - Rent a rib boat in Lefkada","og_description":"Take our cruise to the west coast of Cape Dukato otherwise known as the location of Sapho. We disembark from our office in Nidri at a specific\u00a0time, the time of departure will depend on the time that the sun will [&hellip;]","og_url":"https:\/\/lefkadaribs.gr\/ro\/produs\/croaziera-la-apus-de-soare\/","og_site_name":"Lefkada Rib Boats - Rent a rib boat in Lefkada","article_modified_time":"2026-02-27T09:41:56+00:00","og_image":[{"width":1186,"height":534,"url":"https:\/\/lefkadaribs.gr\/wp-content\/uploads\/2024\/06\/Cape_Ducato__26150.jpg","type":"image\/jpeg"}],"twitter_card":"summary_large_image","twitter_misc":{"Timp estimat pentru citire":"1 minut"},"schema":{"@context":"https:\/\/schema.org","@graph":[{"@type":"WebPage","@id":"https:\/\/lefkadaribs.gr\/product\/sunset-cruise\/","url":"https:\/\/lefkadaribs.gr\/product\/sunset-cruise\/","name":"Sunset Cruise - Lefkada Rib Boats - Rent a rib boat in Lefkada","isPartOf":{"@id":"https:\/\/lefkadaribs.gr\/#website"},"primaryImageOfPage":{"@id":"https:\/\/lefkadaribs.gr\/product\/sunset-cruise\/#primaryimage"},"image":{"@id":"https:\/\/lefkadaribs.gr\/product\/sunset-cruise\/#primaryimage"},"thumbnailUrl":"https:\/\/lefkadaribs.gr\/wp-content\/uploads\/2024\/06\/Cape_Ducato__26150.jpg","datePublished":"2022-03-31T09:22:15+00:00","dateModified":"2026-02-27T09:41:56+00:00","breadcrumb":{"@id":"https:\/\/lefkadaribs.gr\/product\/sunset-cruise\/#breadcrumb"},"inLanguage":"ro-RO","potentialAction":[{"@type":"ReadAction","target":["https:\/\/lefkadaribs.gr\/product\/sunset-cruise\/"]}]},{"@type":"ImageObject","inLanguage":"ro-RO","@id":"https:\/\/lefkadaribs.gr\/product\/sunset-cruise\/#primaryimage","url":"https:\/\/lefkadaribs.gr\/wp-content\/uploads\/2024\/06\/Cape_Ducato__26150.jpg","contentUrl":"https:\/\/lefkadaribs.gr\/wp-content\/uploads\/2024\/06\/Cape_Ducato__26150.jpg","width":1186,"height":534},{"@type":"BreadcrumbList","@id":"https:\/\/lefkadaribs.gr\/product\/sunset-cruise\/#breadcrumb","itemListElement":[{"@type":"ListItem","position":1,"name":"Home","item":"https:\/\/lefkadaribs.gr\/"},{"@type":"ListItem","position":2,"name":"Shop","item":"https:\/\/lefkadaribs.gr\/shop\/"},{"@type":"ListItem","position":3,"name":"Sunset Cruise"}]},{"@type":"WebSite","@id":"https:\/\/lefkadaribs.gr\/#website","url":"https:\/\/lefkadaribs.gr\/","name":"Lefkada Rib Boats - Rent a rib boat in Lefkada","description":"Lefkada Rib Boats - Rent a rib boat in Lefkada","potentialAction":[{"@type":"SearchAction","target":{"@type":"EntryPoint","urlTemplate":"https:\/\/lefkadaribs.gr\/?s={search_term_string}"},"query-input":{"@type":"PropertyValueSpecification","valueRequired":true,"valueName":"search_term_string"}}],"inLanguage":"ro-RO"}]}},"_links":{"self":[{"href":"https:\/\/lefkadaribs.gr\/ro\/wp-json\/wp\/v2\/product\/174836","targetHints":{"allow":["GET"]}}],"collection":[{"href":"https:\/\/lefkadaribs.gr\/ro\/wp-json\/wp\/v2\/product"}],"about":[{"href":"https:\/\/lefkadaribs.gr\/ro\/wp-json\/wp\/v2\/types\/product"}],"wp:featuredmedia":[{"embeddable":true,"href":"https:\/\/lefkadaribs.gr\/ro\/wp-json\/wp\/v2\/media\/174837"}],"wp:attachment":[{"href":"https:\/\/lefkadaribs.gr\/ro\/wp-json\/wp\/v2\/media?parent=174836"}],"wp:term":[{"taxonomy":"product_cat","embeddable":true,"href":"https:\/\/lefkadaribs.gr\/ro\/wp-json\/wp\/v2\/product_cat?post=174836"},{"taxonomy":"product_tag","embeddable":true,"href":"https:\/\/lefkadaribs.gr\/ro\/wp-json\/wp\/v2\/product_tag?post=174836"}],"curies":[{"name":"wp","href":"https:\/\/api.w.org\/{rel}","templated":true}]}}