{"id":188476,"date":"2025-01-29T12:39:24","date_gmt":"2025-01-29T12:39:24","guid":{"rendered":"https:\/\/tridentboats.gr\/?post_type=product&#038;p=188476"},"modified":"2025-01-29T12:39:26","modified_gmt":"2025-01-29T12:39:26","slug":"orizont-albastru","status":"publish","type":"product","link":"https:\/\/lefkadaribs.gr\/ro\/produs\/orizont-albastru\/","title":{"rendered":"Orizont albastru"},"content":{"rendered":"<p>V\u0103 prezent\u0103m noul 2023 Axopar 37 Brabus Edition - combina\u021bia perfect\u0103 de lux, performan\u021b\u0103 \u0219i stil. Propulsat de dou\u0103 Mercury Verados de 300 CP cu joystick de control, este ideal pentru p\u00e2n\u0103 la 12 pasageri.<\/p>\n<p>Caracteristici principale:<\/p>\n<p>- Acoperi\u0219 electric<\/p>\n<p>- Propulsoare de prova pentru manevrare u\u0219oar\u0103<\/p>\n<p>- Ancore electrice windlass<\/p>\n<p>- Bar umed cu patru frigidere<\/p>\n<p>- Cabin\u0103 spa\u021bioas\u0103 cu u\u0219i Goldwing \u0219i o toalet\u0103<\/p>\n<p>- Zona cu \u0219ezlonguri din fa\u021b\u0103<\/p>\n<p>- Sistem audio premium<\/p>\n<p>- Sistem de naviga\u021bie \u0219i infotainment de ultim\u0103 genera\u021bie<\/p>\n<p>- Spa\u021biu amplu de depozitare<\/p>\n<p>De obicei oferit cu un c\u0103pitan pentru croazier\u0103 de zi cu zi, dar \u00eenchiriere bareboat este disponibil la cerere.<\/p>","protected":false},"excerpt":{"rendered":"<p>Introducing the brand-new 2023 Axopar 37 Brabus Edition \u2013 the perfect blend of luxury, performance, and style. Powered by twin 300HP Mercury Verados with joystick control, it\u2019s ideal for up to 12 passengers. Key Features: \u2022 Electric sunroof \u2022 Bow [&hellip;]<\/p>\n","protected":false},"featured_media":188477,"template":"","meta":[],"product_cat":[34],"product_tag":[],"class_list":{"0":"post-188476","1":"product","2":"type-product","3":"status-publish","4":"has-post-thumbnail","6":"product_cat-ribs","8":"first","9":"instock","10":"shipping-taxable","11":"product-type-external"},"exclude_global_add_ons":[],"addons":[],"yoast_head":"<!-- This site is optimized with the Yoast SEO plugin v27.1.1 - https:\/\/yoast.com\/product\/yoast-seo-wordpress\/ -->\n<title>Blue Horizon - Lefkada Rib Boats - Rent a rib boat in Lefkada<\/title>\n<meta name=\"robots\" content=\"index, follow, max-snippet:-1, max-image-preview:large, max-video-preview:-1\" \/>\n<link rel=\"canonical\" href=\"https:\/\/lefkadaribs.gr\/ro\/produs\/orizont-albastru\/\" \/>\n<meta property=\"og:locale\" content=\"ro_RO\" \/>\n<meta property=\"og:type\" content=\"article\" \/>\n<meta property=\"og:title\" content=\"Blue Horizon - Lefkada Rib Boats - Rent a rib boat in Lefkada\" \/>\n<meta property=\"og:description\" content=\"Introducing the brand-new 2023 Axopar 37 Brabus Edition \u2013 the perfect blend of luxury, performance, and style. Powered by twin 300HP Mercury Verados with joystick control, it\u2019s ideal for up to 12 passengers. Key Features: \u2022 Electric sunroof \u2022 Bow [&hellip;]\" \/>\n<meta property=\"og:url\" content=\"https:\/\/lefkadaribs.gr\/ro\/produs\/orizont-albastru\/\" \/>\n<meta property=\"og:site_name\" content=\"Lefkada Rib Boats - Rent a rib boat in Lefkada\" \/>\n<meta property=\"article:modified_time\" content=\"2025-01-29T12:39:26+00:00\" \/>\n<meta property=\"og:image\" content=\"https:\/\/lefkadaribs.gr\/wp-content\/uploads\/2025\/01\/96FA7BE07EFCEB6D062B21E33163E498-scaled.jpeg\" \/>\n\t<meta property=\"og:image:width\" content=\"2560\" \/>\n\t<meta property=\"og:image:height\" content=\"1440\" \/>\n\t<meta property=\"og:image:type\" content=\"image\/jpeg\" \/>\n<meta name=\"twitter:card\" content=\"summary_large_image\" \/>\n<meta name=\"twitter:label1\" content=\"Timp estimat pentru citire\" \/>\n\t<meta name=\"twitter:data1\" content=\"1 minut\" \/>\n<script type=\"application\/ld+json\" class=\"yoast-schema-graph\">{\"@context\":\"https:\/\/schema.org\",\"@graph\":[{\"@type\":\"WebPage\",\"@id\":\"https:\/\/lefkadaribs.gr\/product\/blue-horizon\/\",\"url\":\"https:\/\/lefkadaribs.gr\/product\/blue-horizon\/\",\"name\":\"Blue Horizon - Lefkada Rib Boats - Rent a rib boat in Lefkada\",\"isPartOf\":{\"@id\":\"https:\/\/lefkadaribs.gr\/#website\"},\"primaryImageOfPage\":{\"@id\":\"https:\/\/lefkadaribs.gr\/product\/blue-horizon\/#primaryimage\"},\"image\":{\"@id\":\"https:\/\/lefkadaribs.gr\/product\/blue-horizon\/#primaryimage\"},\"thumbnailUrl\":\"https:\/\/lefkadaribs.gr\/wp-content\/uploads\/2025\/01\/96FA7BE07EFCEB6D062B21E33163E498-scaled.jpeg\",\"datePublished\":\"2025-01-29T12:39:24+00:00\",\"dateModified\":\"2025-01-29T12:39:26+00:00\",\"breadcrumb\":{\"@id\":\"https:\/\/lefkadaribs.gr\/product\/blue-horizon\/#breadcrumb\"},\"inLanguage\":\"ro-RO\",\"potentialAction\":[{\"@type\":\"ReadAction\",\"target\":[\"https:\/\/lefkadaribs.gr\/product\/blue-horizon\/\"]}]},{\"@type\":\"ImageObject\",\"inLanguage\":\"ro-RO\",\"@id\":\"https:\/\/lefkadaribs.gr\/product\/blue-horizon\/#primaryimage\",\"url\":\"https:\/\/lefkadaribs.gr\/wp-content\/uploads\/2025\/01\/96FA7BE07EFCEB6D062B21E33163E498-scaled.jpeg\",\"contentUrl\":\"https:\/\/lefkadaribs.gr\/wp-content\/uploads\/2025\/01\/96FA7BE07EFCEB6D062B21E33163E498-scaled.jpeg\",\"width\":2560,\"height\":1440,\"caption\":\"default\"},{\"@type\":\"BreadcrumbList\",\"@id\":\"https:\/\/lefkadaribs.gr\/product\/blue-horizon\/#breadcrumb\",\"itemListElement\":[{\"@type\":\"ListItem\",\"position\":1,\"name\":\"Home\",\"item\":\"https:\/\/lefkadaribs.gr\/\"},{\"@type\":\"ListItem\",\"position\":2,\"name\":\"Shop\",\"item\":\"https:\/\/lefkadaribs.gr\/shop\/\"},{\"@type\":\"ListItem\",\"position\":3,\"name\":\"Blue Horizon\"}]},{\"@type\":\"WebSite\",\"@id\":\"https:\/\/lefkadaribs.gr\/#website\",\"url\":\"https:\/\/lefkadaribs.gr\/\",\"name\":\"Lefkada Rib Boats - Rent a rib boat in Lefkada\",\"description\":\"Lefkada Rib Boats - Rent a rib boat in Lefkada\",\"potentialAction\":[{\"@type\":\"SearchAction\",\"target\":{\"@type\":\"EntryPoint\",\"urlTemplate\":\"https:\/\/lefkadaribs.gr\/?s={search_term_string}\"},\"query-input\":{\"@type\":\"PropertyValueSpecification\",\"valueRequired\":true,\"valueName\":\"search_term_string\"}}],\"inLanguage\":\"ro-RO\"}]}<\/script>\n<!-- \/ Yoast SEO plugin. -->","yoast_head_json":{"title":"Blue Horizon - Lefkada Rib Boats - Rent a rib boat in Lefkada","robots":{"index":"index","follow":"follow","max-snippet":"max-snippet:-1","max-image-preview":"max-image-preview:large","max-video-preview":"max-video-preview:-1"},"canonical":"https:\/\/lefkadaribs.gr\/ro\/produs\/orizont-albastru\/","og_locale":"ro_RO","og_type":"article","og_title":"Blue Horizon - Lefkada Rib Boats - Rent a rib boat in Lefkada","og_description":"Introducing the brand-new 2023 Axopar 37 Brabus Edition \u2013 the perfect blend of luxury, performance, and style. Powered by twin 300HP Mercury Verados with joystick control, it\u2019s ideal for up to 12 passengers. Key Features: \u2022 Electric sunroof \u2022 Bow [&hellip;]","og_url":"https:\/\/lefkadaribs.gr\/ro\/produs\/orizont-albastru\/","og_site_name":"Lefkada Rib Boats - Rent a rib boat in Lefkada","article_modified_time":"2025-01-29T12:39:26+00:00","og_image":[{"width":2560,"height":1440,"url":"https:\/\/lefkadaribs.gr\/wp-content\/uploads\/2025\/01\/96FA7BE07EFCEB6D062B21E33163E498-scaled.jpeg","type":"image\/jpeg"}],"twitter_card":"summary_large_image","twitter_misc":{"Timp estimat pentru citire":"1 minut"},"schema":{"@context":"https:\/\/schema.org","@graph":[{"@type":"WebPage","@id":"https:\/\/lefkadaribs.gr\/product\/blue-horizon\/","url":"https:\/\/lefkadaribs.gr\/product\/blue-horizon\/","name":"Blue Horizon - Lefkada Rib Boats - Rent a rib boat in Lefkada","isPartOf":{"@id":"https:\/\/lefkadaribs.gr\/#website"},"primaryImageOfPage":{"@id":"https:\/\/lefkadaribs.gr\/product\/blue-horizon\/#primaryimage"},"image":{"@id":"https:\/\/lefkadaribs.gr\/product\/blue-horizon\/#primaryimage"},"thumbnailUrl":"https:\/\/lefkadaribs.gr\/wp-content\/uploads\/2025\/01\/96FA7BE07EFCEB6D062B21E33163E498-scaled.jpeg","datePublished":"2025-01-29T12:39:24+00:00","dateModified":"2025-01-29T12:39:26+00:00","breadcrumb":{"@id":"https:\/\/lefkadaribs.gr\/product\/blue-horizon\/#breadcrumb"},"inLanguage":"ro-RO","potentialAction":[{"@type":"ReadAction","target":["https:\/\/lefkadaribs.gr\/product\/blue-horizon\/"]}]},{"@type":"ImageObject","inLanguage":"ro-RO","@id":"https:\/\/lefkadaribs.gr\/product\/blue-horizon\/#primaryimage","url":"https:\/\/lefkadaribs.gr\/wp-content\/uploads\/2025\/01\/96FA7BE07EFCEB6D062B21E33163E498-scaled.jpeg","contentUrl":"https:\/\/lefkadaribs.gr\/wp-content\/uploads\/2025\/01\/96FA7BE07EFCEB6D062B21E33163E498-scaled.jpeg","width":2560,"height":1440,"caption":"default"},{"@type":"BreadcrumbList","@id":"https:\/\/lefkadaribs.gr\/product\/blue-horizon\/#breadcrumb","itemListElement":[{"@type":"ListItem","position":1,"name":"Home","item":"https:\/\/lefkadaribs.gr\/"},{"@type":"ListItem","position":2,"name":"Shop","item":"https:\/\/lefkadaribs.gr\/shop\/"},{"@type":"ListItem","position":3,"name":"Blue Horizon"}]},{"@type":"WebSite","@id":"https:\/\/lefkadaribs.gr\/#website","url":"https:\/\/lefkadaribs.gr\/","name":"Lefkada Rib Boats - Rent a rib boat in Lefkada","description":"Lefkada Rib Boats - Rent a rib boat in Lefkada","potentialAction":[{"@type":"SearchAction","target":{"@type":"EntryPoint","urlTemplate":"https:\/\/lefkadaribs.gr\/?s={search_term_string}"},"query-input":{"@type":"PropertyValueSpecification","valueRequired":true,"valueName":"search_term_string"}}],"inLanguage":"ro-RO"}]}},"_links":{"self":[{"href":"https:\/\/lefkadaribs.gr\/ro\/wp-json\/wp\/v2\/product\/188476","targetHints":{"allow":["GET"]}}],"collection":[{"href":"https:\/\/lefkadaribs.gr\/ro\/wp-json\/wp\/v2\/product"}],"about":[{"href":"https:\/\/lefkadaribs.gr\/ro\/wp-json\/wp\/v2\/types\/product"}],"wp:featuredmedia":[{"embeddable":true,"href":"https:\/\/lefkadaribs.gr\/ro\/wp-json\/wp\/v2\/media\/188477"}],"wp:attachment":[{"href":"https:\/\/lefkadaribs.gr\/ro\/wp-json\/wp\/v2\/media?parent=188476"}],"wp:term":[{"taxonomy":"product_cat","embeddable":true,"href":"https:\/\/lefkadaribs.gr\/ro\/wp-json\/wp\/v2\/product_cat?post=188476"},{"taxonomy":"product_tag","embeddable":true,"href":"https:\/\/lefkadaribs.gr\/ro\/wp-json\/wp\/v2\/product_tag?post=188476"}],"curies":[{"name":"wp","href":"https:\/\/api.w.org\/{rel}","templated":true}]}}