{"id":188487,"date":"2025-01-29T12:43:10","date_gmt":"2025-01-29T12:43:10","guid":{"rendered":"https:\/\/tridentboats.gr\/?post_type=product&#038;p=188487"},"modified":"2026-01-26T14:42:21","modified_gmt":"2026-01-26T14:42:21","slug":"family-deluxe-albastru","status":"publish","type":"product","link":"https:\/\/lefkadaribs.gr\/ro\/produs\/family-deluxe-albastru\/","title":{"rendered":"Familie Deluxe albastru"},"content":{"rendered":"<p>Explora\u021bi libertatea m\u0103rii cu barca noastr\u0103 de 5 metri, perfect\u0103 pentru cei f\u0103r\u0103 permis! Propulsat\u0103 de un motor de 30 CP, este u\u0219or de manevrat \u0219i ideal\u0103 pentru p\u00e2n\u0103 la 7 persoane.<\/p>\n<p>Caracteristici principale:<\/p>\n<p>- Zon\u0103 spa\u021bioas\u0103 de \u0219ezlonguri \u00een fa\u021b\u0103 pentru relaxare maxim\u0103<\/p>\n<p>- Scaune confortabile pentru to\u021bi pasagerii<\/p>\n<p>- Sistem audio pentru divertisment la bord<\/p>\n<p>- Scar\u0103 u\u0219or de utilizat pentru \u00eenot \u0219i rebordare<\/p>\n<p>- Ancor\u0103 pentru opriri f\u0103r\u0103 probleme<\/p>\n<p>- Acoperi\u0219 pentru umbr\u0103 \u0219i confort<\/p>\n<p>O op\u021biune simpl\u0103 \u0219i distractiv\u0103 pentru explorarea apei, nu este necesar\u0103 experien\u021b\u0103!<\/p>\n<p>&nbsp;<\/p>\n<p>Combustibilul nu este inclus \u00een pre\u021bul de \u00eenchiriere \u0219i se taxeaz\u0103 la \u00eentoarcere \u00een func\u021bie de consum<\/p>","protected":false},"excerpt":{"rendered":"<p>Combustibilul nu este inclus \u00een pre\u021b<\/p>","protected":false},"featured_media":188492,"template":"","meta":[],"product_cat":[27],"product_tag":[],"class_list":{"0":"post-188487","1":"product","2":"type-product","3":"status-publish","4":"has-post-thumbnail","6":"product_cat-boats","8":"first","9":"instock","10":"virtual","11":"sold-individually","12":"purchasable","13":"product-type-booking"},"exclude_global_add_ons":false,"addons":[{"name":"Facilit\u0103\u021bi suplimentare","type":"checkbox","position":0,"required":false,"title_format":"label","default":"","description_enable":false,"description":"","placeholder_enable":false,"placeholder":"","display":"select","restrictions_type":"any_text","adjust_price":false,"price":"","price_type":"flat_fee","restrictions":false,"min":"0","max":"0","options":[{"label":"Towel 100% Greek Cotton","price":"18","price_type":"flat_fee","image":0,"visibility":true},{"label":"Adult Set of Mask and Snorkel","price":"25","price_type":"quantity_based","image":0,"visibility":true},{"label":"Fridge","price":"","price_type":"flat_fee","image":0,"visibility":true},{"label":"Ice","price":"3","price_type":"flat_fee","image":0,"visibility":true}],"id":1769438417}],"yoast_head":"<!-- This site is optimized with the Yoast SEO plugin v27.1.1 - https:\/\/yoast.com\/product\/yoast-seo-wordpress\/ -->\n<title>Family Deluxe Blue - Lefkada Rib Boats - Rent a rib boat in Lefkada<\/title>\n<meta name=\"robots\" content=\"index, follow, max-snippet:-1, max-image-preview:large, max-video-preview:-1\" \/>\n<link rel=\"canonical\" href=\"https:\/\/lefkadaribs.gr\/ro\/produs\/family-deluxe-albastru\/\" \/>\n<meta property=\"og:locale\" content=\"ro_RO\" \/>\n<meta property=\"og:type\" content=\"article\" \/>\n<meta property=\"og:title\" content=\"Family Deluxe Blue - Lefkada Rib Boats - Rent a rib boat in Lefkada\" \/>\n<meta property=\"og:description\" content=\"Fuel not included in the price\" \/>\n<meta property=\"og:url\" content=\"https:\/\/lefkadaribs.gr\/ro\/produs\/family-deluxe-albastru\/\" \/>\n<meta property=\"og:site_name\" content=\"Lefkada Rib Boats - Rent a rib boat in Lefkada\" \/>\n<meta property=\"article:modified_time\" content=\"2026-01-26T14:42:21+00:00\" \/>\n<meta property=\"og:image\" content=\"https:\/\/lefkadaribs.gr\/wp-content\/uploads\/2025\/01\/CC19EF975D3D92E94210FA31B932A837-scaled.jpeg\" \/>\n\t<meta property=\"og:image:width\" content=\"2560\" \/>\n\t<meta property=\"og:image:height\" content=\"1920\" \/>\n\t<meta property=\"og:image:type\" content=\"image\/jpeg\" \/>\n<meta name=\"twitter:card\" content=\"summary_large_image\" \/>\n<meta name=\"twitter:label1\" content=\"Timp estimat pentru citire\" \/>\n\t<meta name=\"twitter:data1\" content=\"1 minut\" \/>\n<script type=\"application\/ld+json\" class=\"yoast-schema-graph\">{\"@context\":\"https:\/\/schema.org\",\"@graph\":[{\"@type\":\"WebPage\",\"@id\":\"https:\/\/lefkadaribs.gr\/product\/family-deluxe-blue\/\",\"url\":\"https:\/\/lefkadaribs.gr\/product\/family-deluxe-blue\/\",\"name\":\"Family Deluxe Blue - Lefkada Rib Boats - Rent a rib boat in Lefkada\",\"isPartOf\":{\"@id\":\"https:\/\/lefkadaribs.gr\/#website\"},\"primaryImageOfPage\":{\"@id\":\"https:\/\/lefkadaribs.gr\/product\/family-deluxe-blue\/#primaryimage\"},\"image\":{\"@id\":\"https:\/\/lefkadaribs.gr\/product\/family-deluxe-blue\/#primaryimage\"},\"thumbnailUrl\":\"https:\/\/lefkadaribs.gr\/wp-content\/uploads\/2025\/01\/CC19EF975D3D92E94210FA31B932A837-scaled.jpeg\",\"datePublished\":\"2025-01-29T12:43:10+00:00\",\"dateModified\":\"2026-01-26T14:42:21+00:00\",\"breadcrumb\":{\"@id\":\"https:\/\/lefkadaribs.gr\/product\/family-deluxe-blue\/#breadcrumb\"},\"inLanguage\":\"ro-RO\",\"potentialAction\":[{\"@type\":\"ReadAction\",\"target\":[\"https:\/\/lefkadaribs.gr\/product\/family-deluxe-blue\/\"]}]},{\"@type\":\"ImageObject\",\"inLanguage\":\"ro-RO\",\"@id\":\"https:\/\/lefkadaribs.gr\/product\/family-deluxe-blue\/#primaryimage\",\"url\":\"https:\/\/lefkadaribs.gr\/wp-content\/uploads\/2025\/01\/CC19EF975D3D92E94210FA31B932A837-scaled.jpeg\",\"contentUrl\":\"https:\/\/lefkadaribs.gr\/wp-content\/uploads\/2025\/01\/CC19EF975D3D92E94210FA31B932A837-scaled.jpeg\",\"width\":2560,\"height\":1920,\"caption\":\"default\"},{\"@type\":\"BreadcrumbList\",\"@id\":\"https:\/\/lefkadaribs.gr\/product\/family-deluxe-blue\/#breadcrumb\",\"itemListElement\":[{\"@type\":\"ListItem\",\"position\":1,\"name\":\"Home\",\"item\":\"https:\/\/lefkadaribs.gr\/\"},{\"@type\":\"ListItem\",\"position\":2,\"name\":\"Shop\",\"item\":\"https:\/\/lefkadaribs.gr\/shop\/\"},{\"@type\":\"ListItem\",\"position\":3,\"name\":\"Family Deluxe Blue\"}]},{\"@type\":\"WebSite\",\"@id\":\"https:\/\/lefkadaribs.gr\/#website\",\"url\":\"https:\/\/lefkadaribs.gr\/\",\"name\":\"Lefkada Rib Boats - Rent a rib boat in Lefkada\",\"description\":\"Lefkada Rib Boats - Rent a rib boat in Lefkada\",\"potentialAction\":[{\"@type\":\"SearchAction\",\"target\":{\"@type\":\"EntryPoint\",\"urlTemplate\":\"https:\/\/lefkadaribs.gr\/?s={search_term_string}\"},\"query-input\":{\"@type\":\"PropertyValueSpecification\",\"valueRequired\":true,\"valueName\":\"search_term_string\"}}],\"inLanguage\":\"ro-RO\"}]}<\/script>\n<!-- \/ Yoast SEO plugin. -->","yoast_head_json":{"title":"Family Deluxe Blue - Lefkada Rib Boats - Rent a rib boat in Lefkada","robots":{"index":"index","follow":"follow","max-snippet":"max-snippet:-1","max-image-preview":"max-image-preview:large","max-video-preview":"max-video-preview:-1"},"canonical":"https:\/\/lefkadaribs.gr\/ro\/produs\/family-deluxe-albastru\/","og_locale":"ro_RO","og_type":"article","og_title":"Family Deluxe Blue - Lefkada Rib Boats - Rent a rib boat in Lefkada","og_description":"Fuel not included in the price","og_url":"https:\/\/lefkadaribs.gr\/ro\/produs\/family-deluxe-albastru\/","og_site_name":"Lefkada Rib Boats - Rent a rib boat in Lefkada","article_modified_time":"2026-01-26T14:42:21+00:00","og_image":[{"width":2560,"height":1920,"url":"https:\/\/lefkadaribs.gr\/wp-content\/uploads\/2025\/01\/CC19EF975D3D92E94210FA31B932A837-scaled.jpeg","type":"image\/jpeg"}],"twitter_card":"summary_large_image","twitter_misc":{"Timp estimat pentru citire":"1 minut"},"schema":{"@context":"https:\/\/schema.org","@graph":[{"@type":"WebPage","@id":"https:\/\/lefkadaribs.gr\/product\/family-deluxe-blue\/","url":"https:\/\/lefkadaribs.gr\/product\/family-deluxe-blue\/","name":"Family Deluxe Blue - Lefkada Rib Boats - Rent a rib boat in Lefkada","isPartOf":{"@id":"https:\/\/lefkadaribs.gr\/#website"},"primaryImageOfPage":{"@id":"https:\/\/lefkadaribs.gr\/product\/family-deluxe-blue\/#primaryimage"},"image":{"@id":"https:\/\/lefkadaribs.gr\/product\/family-deluxe-blue\/#primaryimage"},"thumbnailUrl":"https:\/\/lefkadaribs.gr\/wp-content\/uploads\/2025\/01\/CC19EF975D3D92E94210FA31B932A837-scaled.jpeg","datePublished":"2025-01-29T12:43:10+00:00","dateModified":"2026-01-26T14:42:21+00:00","breadcrumb":{"@id":"https:\/\/lefkadaribs.gr\/product\/family-deluxe-blue\/#breadcrumb"},"inLanguage":"ro-RO","potentialAction":[{"@type":"ReadAction","target":["https:\/\/lefkadaribs.gr\/product\/family-deluxe-blue\/"]}]},{"@type":"ImageObject","inLanguage":"ro-RO","@id":"https:\/\/lefkadaribs.gr\/product\/family-deluxe-blue\/#primaryimage","url":"https:\/\/lefkadaribs.gr\/wp-content\/uploads\/2025\/01\/CC19EF975D3D92E94210FA31B932A837-scaled.jpeg","contentUrl":"https:\/\/lefkadaribs.gr\/wp-content\/uploads\/2025\/01\/CC19EF975D3D92E94210FA31B932A837-scaled.jpeg","width":2560,"height":1920,"caption":"default"},{"@type":"BreadcrumbList","@id":"https:\/\/lefkadaribs.gr\/product\/family-deluxe-blue\/#breadcrumb","itemListElement":[{"@type":"ListItem","position":1,"name":"Home","item":"https:\/\/lefkadaribs.gr\/"},{"@type":"ListItem","position":2,"name":"Shop","item":"https:\/\/lefkadaribs.gr\/shop\/"},{"@type":"ListItem","position":3,"name":"Family Deluxe Blue"}]},{"@type":"WebSite","@id":"https:\/\/lefkadaribs.gr\/#website","url":"https:\/\/lefkadaribs.gr\/","name":"Lefkada Rib Boats - Rent a rib boat in Lefkada","description":"Lefkada Rib Boats - Rent a rib boat in Lefkada","potentialAction":[{"@type":"SearchAction","target":{"@type":"EntryPoint","urlTemplate":"https:\/\/lefkadaribs.gr\/?s={search_term_string}"},"query-input":{"@type":"PropertyValueSpecification","valueRequired":true,"valueName":"search_term_string"}}],"inLanguage":"ro-RO"}]}},"_links":{"self":[{"href":"https:\/\/lefkadaribs.gr\/ro\/wp-json\/wp\/v2\/product\/188487","targetHints":{"allow":["GET"]}}],"collection":[{"href":"https:\/\/lefkadaribs.gr\/ro\/wp-json\/wp\/v2\/product"}],"about":[{"href":"https:\/\/lefkadaribs.gr\/ro\/wp-json\/wp\/v2\/types\/product"}],"wp:featuredmedia":[{"embeddable":true,"href":"https:\/\/lefkadaribs.gr\/ro\/wp-json\/wp\/v2\/media\/188492"}],"wp:attachment":[{"href":"https:\/\/lefkadaribs.gr\/ro\/wp-json\/wp\/v2\/media?parent=188487"}],"wp:term":[{"taxonomy":"product_cat","embeddable":true,"href":"https:\/\/lefkadaribs.gr\/ro\/wp-json\/wp\/v2\/product_cat?post=188487"},{"taxonomy":"product_tag","embeddable":true,"href":"https:\/\/lefkadaribs.gr\/ro\/wp-json\/wp\/v2\/product_tag?post=188487"}],"curies":[{"name":"wp","href":"https:\/\/api.w.org\/{rel}","templated":true}]}}