{"id":3503,"date":"2020-10-05T17:06:47","date_gmt":"2020-10-05T17:06:47","guid":{"rendered":"http:\/\/trident.boursinos.gr\/?post_type=product&#038;p=3503"},"modified":"2025-01-30T09:48:28","modified_gmt":"2025-01-30T09:48:28","slug":"mirto-8-persoane-5-75m","status":"publish","type":"product","link":"https:\/\/lefkadaribs.gr\/ro\/produs\/mirto-8-persoane-5-75m\/","title":{"rendered":"MIRTO (8 PERSOANE, 5.75M)"},"content":{"rendered":"<div class=\"wpb_text_column wpb_content_element\">\n<div class=\"wpb_wrapper\">\n<div class=\"wpb_text_column wpb_content_element\">\n<div class=\"wpb_wrapper\">\n<h2><span style=\"font-size: 20.16px; color: #333333;\">Specifica\u021bii<\/span><\/h2>\n<div dir=\"ltr\"><span style=\"font-size: x-large;\">Lungime: 5.75m<\/span><\/div>\n<div dir=\"ltr\"><span style=\"font-size: x-large;\">L\u0103\u021bime: 2.7m<\/span><\/div>\n<div dir=\"ltr\"><span style=\"font-size: x-large;\">Pasageri: 8<\/span><\/div>\n<div dir=\"ltr\"><span style=\"font-size: x-large;\">Capacitate combustibil: 100 l principal, 20 l rezerv\u0103<\/span><\/div>\n<div dir=\"ltr\"><span style=\"font-size: x-large;\">Ap\u0103: Niciuna<\/span><\/div>\n<div dir=\"ltr\"><span style=\"font-size: x-large;\">Motor: 1x115HP Suzuki<\/span><\/div>\n<div dir=\"ltr\"><span style=\"font-size: x-large;\">Viteza de croazier\u0103: 20 de noduri<\/span><\/div>\n<div dir=\"ltr\"><span style=\"font-size: x-large;\">Consum: 1L pe mil\u0103 5PAX de croazier\u0103<\/span><\/div>\n<div dir=\"ltr\"><span style=\"font-size: x-large;\">Viteza maxim\u0103: 35 de noduri<\/span><\/div>\n<\/div>\n<\/div>\n<\/div>\n<\/div>","protected":false},"excerpt":{"rendered":"<p>Specifica\u021bii Lungime: 5.75m L\u0103\u021bime: 2.7m Pasageri: 8 Capacitate combustibil: 100l principal, 20L rezerv\u0103 Ap\u0103: Nici unul Motor: 1x115HP Suzuki Viteza de croazier\u0103: 20 noduri Consum: 1L pe mil\u0103 5PAX vitez\u0103 de croazier\u0103 Vitez\u0103 maxim\u0103: 35 noduri<\/p>","protected":false},"featured_media":3504,"template":"","meta":[],"product_cat":[41],"product_tag":[],"class_list":{"0":"post-3503","1":"product","2":"type-product","3":"status-publish","4":"has-post-thumbnail","6":"product_cat-speedboats-ribs","8":"first","9":"instock","10":"shipping-taxable","11":"product-type-external"},"exclude_global_add_ons":[],"addons":[],"yoast_head":"<!-- This site is optimized with the Yoast SEO plugin v27.1.1 - https:\/\/yoast.com\/product\/yoast-seo-wordpress\/ -->\n<title>MIRTO (8 PEOPLE, 5.75M) - Lefkada Rib Boats - Rent a rib boat in Lefkada<\/title>\n<meta name=\"robots\" content=\"index, follow, max-snippet:-1, max-image-preview:large, max-video-preview:-1\" \/>\n<link rel=\"canonical\" href=\"https:\/\/lefkadaribs.gr\/ro\/produs\/mirto-8-persoane-5-75m\/\" \/>\n<meta property=\"og:locale\" content=\"ro_RO\" \/>\n<meta property=\"og:type\" content=\"article\" \/>\n<meta property=\"og:title\" content=\"MIRTO (8 PEOPLE, 5.75M) - Lefkada Rib Boats - Rent a rib boat in Lefkada\" \/>\n<meta property=\"og:description\" content=\"Specifications Length: 5.75m Width: 2.7m Passengers: 8 Fuel Capacity:100l Main, 20L Reserve Water: None Engine: 1x115HP Suzuki Cruising\u00a0Speed: 20 Knots Consumption: 1L per mile 5PAX cruising Max Speed: 35 Knots\" \/>\n<meta property=\"og:url\" content=\"https:\/\/lefkadaribs.gr\/ro\/produs\/mirto-8-persoane-5-75m\/\" \/>\n<meta property=\"og:site_name\" content=\"Lefkada Rib Boats - Rent a rib boat in Lefkada\" \/>\n<meta property=\"article:modified_time\" content=\"2025-01-30T09:48:28+00:00\" \/>\n<meta property=\"og:image\" content=\"https:\/\/lefkadaribs.gr\/wp-content\/uploads\/2024\/06\/trident-boats-rent-a-rib-lefkada-mirto-3.jpeg\" \/>\n\t<meta property=\"og:image:width\" content=\"1920\" \/>\n\t<meta property=\"og:image:height\" content=\"1216\" \/>\n\t<meta property=\"og:image:type\" content=\"image\/jpeg\" \/>\n<meta name=\"twitter:card\" content=\"summary_large_image\" \/>\n<meta name=\"twitter:label1\" content=\"Timp estimat pentru citire\" \/>\n\t<meta name=\"twitter:data1\" content=\"1 minut\" \/>\n<script type=\"application\/ld+json\" class=\"yoast-schema-graph\">{\"@context\":\"https:\/\/schema.org\",\"@graph\":[{\"@type\":\"WebPage\",\"@id\":\"https:\/\/lefkadaribs.gr\/product\/mirto-8-people-5-75m\/\",\"url\":\"https:\/\/lefkadaribs.gr\/product\/mirto-8-people-5-75m\/\",\"name\":\"MIRTO (8 PEOPLE, 5.75M) - Lefkada Rib Boats - Rent a rib boat in Lefkada\",\"isPartOf\":{\"@id\":\"https:\/\/lefkadaribs.gr\/#website\"},\"primaryImageOfPage\":{\"@id\":\"https:\/\/lefkadaribs.gr\/product\/mirto-8-people-5-75m\/#primaryimage\"},\"image\":{\"@id\":\"https:\/\/lefkadaribs.gr\/product\/mirto-8-people-5-75m\/#primaryimage\"},\"thumbnailUrl\":\"https:\/\/lefkadaribs.gr\/wp-content\/uploads\/2024\/06\/trident-boats-rent-a-rib-lefkada-mirto-3.jpeg\",\"datePublished\":\"2020-10-05T17:06:47+00:00\",\"dateModified\":\"2025-01-30T09:48:28+00:00\",\"breadcrumb\":{\"@id\":\"https:\/\/lefkadaribs.gr\/product\/mirto-8-people-5-75m\/#breadcrumb\"},\"inLanguage\":\"ro-RO\",\"potentialAction\":[{\"@type\":\"ReadAction\",\"target\":[\"https:\/\/lefkadaribs.gr\/product\/mirto-8-people-5-75m\/\"]}]},{\"@type\":\"ImageObject\",\"inLanguage\":\"ro-RO\",\"@id\":\"https:\/\/lefkadaribs.gr\/product\/mirto-8-people-5-75m\/#primaryimage\",\"url\":\"https:\/\/lefkadaribs.gr\/wp-content\/uploads\/2024\/06\/trident-boats-rent-a-rib-lefkada-mirto-3.jpeg\",\"contentUrl\":\"https:\/\/lefkadaribs.gr\/wp-content\/uploads\/2024\/06\/trident-boats-rent-a-rib-lefkada-mirto-3.jpeg\",\"width\":1920,\"height\":1216},{\"@type\":\"BreadcrumbList\",\"@id\":\"https:\/\/lefkadaribs.gr\/product\/mirto-8-people-5-75m\/#breadcrumb\",\"itemListElement\":[{\"@type\":\"ListItem\",\"position\":1,\"name\":\"Home\",\"item\":\"https:\/\/lefkadaribs.gr\/\"},{\"@type\":\"ListItem\",\"position\":2,\"name\":\"Shop\",\"item\":\"https:\/\/lefkadaribs.gr\/shop\/\"},{\"@type\":\"ListItem\",\"position\":3,\"name\":\"MIRTO (8 PEOPLE, 5.75M)\"}]},{\"@type\":\"WebSite\",\"@id\":\"https:\/\/lefkadaribs.gr\/#website\",\"url\":\"https:\/\/lefkadaribs.gr\/\",\"name\":\"Lefkada Rib Boats - Rent a rib boat in Lefkada\",\"description\":\"Lefkada Rib Boats - Rent a rib boat in Lefkada\",\"potentialAction\":[{\"@type\":\"SearchAction\",\"target\":{\"@type\":\"EntryPoint\",\"urlTemplate\":\"https:\/\/lefkadaribs.gr\/?s={search_term_string}\"},\"query-input\":{\"@type\":\"PropertyValueSpecification\",\"valueRequired\":true,\"valueName\":\"search_term_string\"}}],\"inLanguage\":\"ro-RO\"}]}<\/script>\n<!-- \/ Yoast SEO plugin. -->","yoast_head_json":{"title":"MIRTO (8 PEOPLE, 5.75M) - Lefkada Rib Boats - Rent a rib boat in Lefkada","robots":{"index":"index","follow":"follow","max-snippet":"max-snippet:-1","max-image-preview":"max-image-preview:large","max-video-preview":"max-video-preview:-1"},"canonical":"https:\/\/lefkadaribs.gr\/ro\/produs\/mirto-8-persoane-5-75m\/","og_locale":"ro_RO","og_type":"article","og_title":"MIRTO (8 PEOPLE, 5.75M) - Lefkada Rib Boats - Rent a rib boat in Lefkada","og_description":"Specifications Length: 5.75m Width: 2.7m Passengers: 8 Fuel Capacity:100l Main, 20L Reserve Water: None Engine: 1x115HP Suzuki Cruising\u00a0Speed: 20 Knots Consumption: 1L per mile 5PAX cruising Max Speed: 35 Knots","og_url":"https:\/\/lefkadaribs.gr\/ro\/produs\/mirto-8-persoane-5-75m\/","og_site_name":"Lefkada Rib Boats - Rent a rib boat in Lefkada","article_modified_time":"2025-01-30T09:48:28+00:00","og_image":[{"width":1920,"height":1216,"url":"https:\/\/lefkadaribs.gr\/wp-content\/uploads\/2024\/06\/trident-boats-rent-a-rib-lefkada-mirto-3.jpeg","type":"image\/jpeg"}],"twitter_card":"summary_large_image","twitter_misc":{"Timp estimat pentru citire":"1 minut"},"schema":{"@context":"https:\/\/schema.org","@graph":[{"@type":"WebPage","@id":"https:\/\/lefkadaribs.gr\/product\/mirto-8-people-5-75m\/","url":"https:\/\/lefkadaribs.gr\/product\/mirto-8-people-5-75m\/","name":"MIRTO (8 PEOPLE, 5.75M) - Lefkada Rib Boats - Rent a rib boat in Lefkada","isPartOf":{"@id":"https:\/\/lefkadaribs.gr\/#website"},"primaryImageOfPage":{"@id":"https:\/\/lefkadaribs.gr\/product\/mirto-8-people-5-75m\/#primaryimage"},"image":{"@id":"https:\/\/lefkadaribs.gr\/product\/mirto-8-people-5-75m\/#primaryimage"},"thumbnailUrl":"https:\/\/lefkadaribs.gr\/wp-content\/uploads\/2024\/06\/trident-boats-rent-a-rib-lefkada-mirto-3.jpeg","datePublished":"2020-10-05T17:06:47+00:00","dateModified":"2025-01-30T09:48:28+00:00","breadcrumb":{"@id":"https:\/\/lefkadaribs.gr\/product\/mirto-8-people-5-75m\/#breadcrumb"},"inLanguage":"ro-RO","potentialAction":[{"@type":"ReadAction","target":["https:\/\/lefkadaribs.gr\/product\/mirto-8-people-5-75m\/"]}]},{"@type":"ImageObject","inLanguage":"ro-RO","@id":"https:\/\/lefkadaribs.gr\/product\/mirto-8-people-5-75m\/#primaryimage","url":"https:\/\/lefkadaribs.gr\/wp-content\/uploads\/2024\/06\/trident-boats-rent-a-rib-lefkada-mirto-3.jpeg","contentUrl":"https:\/\/lefkadaribs.gr\/wp-content\/uploads\/2024\/06\/trident-boats-rent-a-rib-lefkada-mirto-3.jpeg","width":1920,"height":1216},{"@type":"BreadcrumbList","@id":"https:\/\/lefkadaribs.gr\/product\/mirto-8-people-5-75m\/#breadcrumb","itemListElement":[{"@type":"ListItem","position":1,"name":"Home","item":"https:\/\/lefkadaribs.gr\/"},{"@type":"ListItem","position":2,"name":"Shop","item":"https:\/\/lefkadaribs.gr\/shop\/"},{"@type":"ListItem","position":3,"name":"MIRTO (8 PEOPLE, 5.75M)"}]},{"@type":"WebSite","@id":"https:\/\/lefkadaribs.gr\/#website","url":"https:\/\/lefkadaribs.gr\/","name":"Lefkada Rib Boats - Rent a rib boat in Lefkada","description":"Lefkada Rib Boats - Rent a rib boat in Lefkada","potentialAction":[{"@type":"SearchAction","target":{"@type":"EntryPoint","urlTemplate":"https:\/\/lefkadaribs.gr\/?s={search_term_string}"},"query-input":{"@type":"PropertyValueSpecification","valueRequired":true,"valueName":"search_term_string"}}],"inLanguage":"ro-RO"}]}},"_links":{"self":[{"href":"https:\/\/lefkadaribs.gr\/ro\/wp-json\/wp\/v2\/product\/3503","targetHints":{"allow":["GET"]}}],"collection":[{"href":"https:\/\/lefkadaribs.gr\/ro\/wp-json\/wp\/v2\/product"}],"about":[{"href":"https:\/\/lefkadaribs.gr\/ro\/wp-json\/wp\/v2\/types\/product"}],"wp:featuredmedia":[{"embeddable":true,"href":"https:\/\/lefkadaribs.gr\/ro\/wp-json\/wp\/v2\/media\/3504"}],"wp:attachment":[{"href":"https:\/\/lefkadaribs.gr\/ro\/wp-json\/wp\/v2\/media?parent=3503"}],"wp:term":[{"taxonomy":"product_cat","embeddable":true,"href":"https:\/\/lefkadaribs.gr\/ro\/wp-json\/wp\/v2\/product_cat?post=3503"},{"taxonomy":"product_tag","embeddable":true,"href":"https:\/\/lefkadaribs.gr\/ro\/wp-json\/wp\/v2\/product_tag?post=3503"}],"curies":[{"name":"wp","href":"https:\/\/api.w.org\/{rel}","templated":true}]}}