{"id":6589,"date":"2020-10-09T16:59:51","date_gmt":"2020-10-09T16:59:51","guid":{"rendered":"http:\/\/trident.boursinos.gr\/?post_type=product&#038;p=6589"},"modified":"2024-06-29T12:47:16","modified_gmt":"2024-06-29T12:47:16","slug":"turul-insulei-princess","status":"publish","type":"product","link":"https:\/\/lefkadaribs.gr\/ro\/produs\/turul-insulei-princess\/","title":{"rendered":"Turul Insulei Princess"},"content":{"rendered":"<p>Ziua \u00eencepe cu o vizit\u0103 la pe\u0219tera ascuns\u0103 a liliecilor pentru o baie rapid\u0103 de diminea\u021b\u0103, urmat\u0103 de celebra pe\u0219ter\u0103 Papanicolis, a doua ca m\u0103rime din Grecia.<br \/>\nUrm\u0103toarea oprire este la dou\u0103 plaje cu ape cristaline pe coasta de vest a Meganisi, la Agios Giannis. Apoi vom vizita Spartochori, unul dintre cele dou\u0103 sate emblematice de pe Meganisi.  O ocazie perfect\u0103 pentru o fotografie la \u00een\u0103l\u021bime, cu vedere spre insulele prin\u021besei.<br \/>\nPr\u00e2nzul este \u00een Vathy la unul dintre cele mai bune restaurante de pe\u0219te din Marea Ionic\u0103.<br \/>\nDup\u0103 pr\u00e2nz, savura\u021bi un cocktail la mijlocul zilei la barul de pe plaja Fanari.<br \/>\nPe drumul de \u00eentoarcere, opri\u021bi-v\u0103 pe insula Onasis (Skorpios) pentru o baie pe plaja lui Jackie Kennedy, \u00een timp ce descoperi\u021bi o parte din istorie.<\/p>","protected":false},"excerpt":{"rendered":"<p>The day begins with a visit to the hidden bat cave for a quick morning swim, followed by the famous Papanicolis cave, the second largest\u00a0 in Greece. Next stop is to two beaches in crystal clear waters on the west [&hellip;]<\/p>\n","protected":false},"featured_media":6590,"template":"","meta":[],"product_cat":[42],"product_tag":[],"class_list":{"0":"post-6589","1":"product","2":"type-product","3":"status-publish","4":"has-post-thumbnail","6":"product_cat-tours","8":"first","9":"instock","10":"shipping-taxable","11":"product-type-external"},"exclude_global_add_ons":[],"addons":[],"yoast_head":"<!-- This site is optimized with the Yoast SEO plugin v27.1.1 - https:\/\/yoast.com\/product\/yoast-seo-wordpress\/ -->\n<title>Princess Island tour - Lefkada Rib Boats - Rent a rib boat in Lefkada<\/title>\n<meta name=\"robots\" content=\"index, follow, max-snippet:-1, max-image-preview:large, max-video-preview:-1\" \/>\n<link rel=\"canonical\" href=\"https:\/\/lefkadaribs.gr\/ro\/produs\/turul-insulei-princess\/\" \/>\n<meta property=\"og:locale\" content=\"ro_RO\" \/>\n<meta property=\"og:type\" content=\"article\" \/>\n<meta property=\"og:title\" content=\"Princess Island tour - Lefkada Rib Boats - Rent a rib boat in Lefkada\" \/>\n<meta property=\"og:description\" content=\"The day begins with a visit to the hidden bat cave for a quick morning swim, followed by the famous Papanicolis cave, the second largest\u00a0 in Greece. Next stop is to two beaches in crystal clear waters on the west [&hellip;]\" \/>\n<meta property=\"og:url\" content=\"https:\/\/lefkadaribs.gr\/ro\/produs\/turul-insulei-princess\/\" \/>\n<meta property=\"og:site_name\" content=\"Lefkada Rib Boats - Rent a rib boat in Lefkada\" \/>\n<meta property=\"article:modified_time\" content=\"2024-06-29T12:47:16+00:00\" \/>\n<meta property=\"og:image\" content=\"https:\/\/lefkadaribs.gr\/wp-content\/uploads\/2024\/06\/meganisi-parallax-1.jpg\" \/>\n\t<meta property=\"og:image:width\" content=\"1920\" \/>\n\t<meta property=\"og:image:height\" content=\"750\" \/>\n\t<meta property=\"og:image:type\" content=\"image\/jpeg\" \/>\n<meta name=\"twitter:card\" content=\"summary_large_image\" \/>\n<meta name=\"twitter:label1\" content=\"Timp estimat pentru citire\" \/>\n\t<meta name=\"twitter:data1\" content=\"1 minut\" \/>\n<script type=\"application\/ld+json\" class=\"yoast-schema-graph\">{\"@context\":\"https:\/\/schema.org\",\"@graph\":[{\"@type\":\"WebPage\",\"@id\":\"https:\/\/lefkadaribs.gr\/product\/princess-island-tour\/\",\"url\":\"https:\/\/lefkadaribs.gr\/product\/princess-island-tour\/\",\"name\":\"Princess Island tour - Lefkada Rib Boats - Rent a rib boat in Lefkada\",\"isPartOf\":{\"@id\":\"https:\/\/lefkadaribs.gr\/#website\"},\"primaryImageOfPage\":{\"@id\":\"https:\/\/lefkadaribs.gr\/product\/princess-island-tour\/#primaryimage\"},\"image\":{\"@id\":\"https:\/\/lefkadaribs.gr\/product\/princess-island-tour\/#primaryimage\"},\"thumbnailUrl\":\"https:\/\/lefkadaribs.gr\/wp-content\/uploads\/2024\/06\/meganisi-parallax-1.jpg\",\"datePublished\":\"2020-10-09T16:59:51+00:00\",\"dateModified\":\"2024-06-29T12:47:16+00:00\",\"breadcrumb\":{\"@id\":\"https:\/\/lefkadaribs.gr\/product\/princess-island-tour\/#breadcrumb\"},\"inLanguage\":\"ro-RO\",\"potentialAction\":[{\"@type\":\"ReadAction\",\"target\":[\"https:\/\/lefkadaribs.gr\/product\/princess-island-tour\/\"]}]},{\"@type\":\"ImageObject\",\"inLanguage\":\"ro-RO\",\"@id\":\"https:\/\/lefkadaribs.gr\/product\/princess-island-tour\/#primaryimage\",\"url\":\"https:\/\/lefkadaribs.gr\/wp-content\/uploads\/2024\/06\/meganisi-parallax-1.jpg\",\"contentUrl\":\"https:\/\/lefkadaribs.gr\/wp-content\/uploads\/2024\/06\/meganisi-parallax-1.jpg\",\"width\":1920,\"height\":750,\"caption\":\"meganisi island\"},{\"@type\":\"BreadcrumbList\",\"@id\":\"https:\/\/lefkadaribs.gr\/product\/princess-island-tour\/#breadcrumb\",\"itemListElement\":[{\"@type\":\"ListItem\",\"position\":1,\"name\":\"Home\",\"item\":\"https:\/\/lefkadaribs.gr\/\"},{\"@type\":\"ListItem\",\"position\":2,\"name\":\"Shop\",\"item\":\"https:\/\/lefkadaribs.gr\/shop\/\"},{\"@type\":\"ListItem\",\"position\":3,\"name\":\"Princess Island tour\"}]},{\"@type\":\"WebSite\",\"@id\":\"https:\/\/lefkadaribs.gr\/#website\",\"url\":\"https:\/\/lefkadaribs.gr\/\",\"name\":\"Lefkada Rib Boats - Rent a rib boat in Lefkada\",\"description\":\"Lefkada Rib Boats - Rent a rib boat in Lefkada\",\"potentialAction\":[{\"@type\":\"SearchAction\",\"target\":{\"@type\":\"EntryPoint\",\"urlTemplate\":\"https:\/\/lefkadaribs.gr\/?s={search_term_string}\"},\"query-input\":{\"@type\":\"PropertyValueSpecification\",\"valueRequired\":true,\"valueName\":\"search_term_string\"}}],\"inLanguage\":\"ro-RO\"}]}<\/script>\n<!-- \/ Yoast SEO plugin. -->","yoast_head_json":{"title":"Princess Island tour - Lefkada Rib Boats - Rent a rib boat in Lefkada","robots":{"index":"index","follow":"follow","max-snippet":"max-snippet:-1","max-image-preview":"max-image-preview:large","max-video-preview":"max-video-preview:-1"},"canonical":"https:\/\/lefkadaribs.gr\/ro\/produs\/turul-insulei-princess\/","og_locale":"ro_RO","og_type":"article","og_title":"Princess Island tour - Lefkada Rib Boats - Rent a rib boat in Lefkada","og_description":"The day begins with a visit to the hidden bat cave for a quick morning swim, followed by the famous Papanicolis cave, the second largest\u00a0 in Greece. Next stop is to two beaches in crystal clear waters on the west [&hellip;]","og_url":"https:\/\/lefkadaribs.gr\/ro\/produs\/turul-insulei-princess\/","og_site_name":"Lefkada Rib Boats - Rent a rib boat in Lefkada","article_modified_time":"2024-06-29T12:47:16+00:00","og_image":[{"width":1920,"height":750,"url":"https:\/\/lefkadaribs.gr\/wp-content\/uploads\/2024\/06\/meganisi-parallax-1.jpg","type":"image\/jpeg"}],"twitter_card":"summary_large_image","twitter_misc":{"Timp estimat pentru citire":"1 minut"},"schema":{"@context":"https:\/\/schema.org","@graph":[{"@type":"WebPage","@id":"https:\/\/lefkadaribs.gr\/product\/princess-island-tour\/","url":"https:\/\/lefkadaribs.gr\/product\/princess-island-tour\/","name":"Princess Island tour - Lefkada Rib Boats - Rent a rib boat in Lefkada","isPartOf":{"@id":"https:\/\/lefkadaribs.gr\/#website"},"primaryImageOfPage":{"@id":"https:\/\/lefkadaribs.gr\/product\/princess-island-tour\/#primaryimage"},"image":{"@id":"https:\/\/lefkadaribs.gr\/product\/princess-island-tour\/#primaryimage"},"thumbnailUrl":"https:\/\/lefkadaribs.gr\/wp-content\/uploads\/2024\/06\/meganisi-parallax-1.jpg","datePublished":"2020-10-09T16:59:51+00:00","dateModified":"2024-06-29T12:47:16+00:00","breadcrumb":{"@id":"https:\/\/lefkadaribs.gr\/product\/princess-island-tour\/#breadcrumb"},"inLanguage":"ro-RO","potentialAction":[{"@type":"ReadAction","target":["https:\/\/lefkadaribs.gr\/product\/princess-island-tour\/"]}]},{"@type":"ImageObject","inLanguage":"ro-RO","@id":"https:\/\/lefkadaribs.gr\/product\/princess-island-tour\/#primaryimage","url":"https:\/\/lefkadaribs.gr\/wp-content\/uploads\/2024\/06\/meganisi-parallax-1.jpg","contentUrl":"https:\/\/lefkadaribs.gr\/wp-content\/uploads\/2024\/06\/meganisi-parallax-1.jpg","width":1920,"height":750,"caption":"meganisi island"},{"@type":"BreadcrumbList","@id":"https:\/\/lefkadaribs.gr\/product\/princess-island-tour\/#breadcrumb","itemListElement":[{"@type":"ListItem","position":1,"name":"Home","item":"https:\/\/lefkadaribs.gr\/"},{"@type":"ListItem","position":2,"name":"Shop","item":"https:\/\/lefkadaribs.gr\/shop\/"},{"@type":"ListItem","position":3,"name":"Princess Island tour"}]},{"@type":"WebSite","@id":"https:\/\/lefkadaribs.gr\/#website","url":"https:\/\/lefkadaribs.gr\/","name":"Lefkada Rib Boats - Rent a rib boat in Lefkada","description":"Lefkada Rib Boats - Rent a rib boat in Lefkada","potentialAction":[{"@type":"SearchAction","target":{"@type":"EntryPoint","urlTemplate":"https:\/\/lefkadaribs.gr\/?s={search_term_string}"},"query-input":{"@type":"PropertyValueSpecification","valueRequired":true,"valueName":"search_term_string"}}],"inLanguage":"ro-RO"}]}},"_links":{"self":[{"href":"https:\/\/lefkadaribs.gr\/ro\/wp-json\/wp\/v2\/product\/6589","targetHints":{"allow":["GET"]}}],"collection":[{"href":"https:\/\/lefkadaribs.gr\/ro\/wp-json\/wp\/v2\/product"}],"about":[{"href":"https:\/\/lefkadaribs.gr\/ro\/wp-json\/wp\/v2\/types\/product"}],"wp:featuredmedia":[{"embeddable":true,"href":"https:\/\/lefkadaribs.gr\/ro\/wp-json\/wp\/v2\/media\/6590"}],"wp:attachment":[{"href":"https:\/\/lefkadaribs.gr\/ro\/wp-json\/wp\/v2\/media?parent=6589"}],"wp:term":[{"taxonomy":"product_cat","embeddable":true,"href":"https:\/\/lefkadaribs.gr\/ro\/wp-json\/wp\/v2\/product_cat?post=6589"},{"taxonomy":"product_tag","embeddable":true,"href":"https:\/\/lefkadaribs.gr\/ro\/wp-json\/wp\/v2\/product_tag?post=6589"}],"curies":[{"name":"wp","href":"https:\/\/api.w.org\/{rel}","templated":true}]}}